{"id":19,"date":"2014-08-05T18:29:58","date_gmt":"2014-08-05T21:29:58","guid":{"rendered":"http:\/\/sdmediar.com.br\/site\/?page_id=19"},"modified":"2022-01-24T20:58:16","modified_gmt":"2022-01-24T23:58:16","slug":"areas-de-atuacao","status":"publish","type":"page","link":"http:\/\/sdmediar.com.br\/site\/areas-de-atuacao\/","title":{"rendered":"\u00c1reas de Atua\u00e7\u00e3o"},"content":{"rendered":"<h3><em>Atuamos com media\u00e7\u00e3o\u00a0nas seguintes \u00e1reas:<\/em><\/h3>\n<ul>\n<li>\n<h2>\u00a0Condominial<\/h2>\n<\/li>\n<li>\n<h2>\u00a0Consumidor<\/h2>\n<\/li>\n<li>\n<h2>\u00a0Contratos<\/h2>\n<\/li>\n<li>\n<h2>\u00a0Empresarial<\/h2>\n<\/li>\n<li>\n<h2>\u00a0Escolar<\/h2>\n<\/li>\n<li>\n<h2>\u00a0Familiar<\/h2>\n<\/li>\n<\/ul>\n<p style=\"text-align: justify;\">Contamos com profissionais especializados em diversas \u00e1reas\u00a0na\u00a0gest\u00e3o<b> <\/b>de\u00a0conflitos,\u00a0com foco na facilita\u00e7\u00e3o da comunica\u00e7\u00e3o.\u00a0Com baixos custos, menor desgaste f\u00edsico e emocional e em tempo menor do que\u00a0a judicializa\u00e7\u00e3o.<\/p>\n","protected":false},"excerpt":{"rendered":"<p>Atuamos com media\u00e7\u00e3o\u00a0nas seguintes \u00e1reas: \u00a0Condominial \u00a0Consumidor \u00a0Contratos \u00a0Empresarial \u00a0Escolar \u00a0Familiar Contamos com profissionais especializados em diversas \u00e1reas\u00a0na\u00a0gest\u00e3o de\u00a0conflitos,\u00a0com foco na facilita\u00e7\u00e3o da comunica\u00e7\u00e3o.\u00a0Com baixos custos, menor desgaste f\u00edsico e emocional e em tempo menor do que\u00a0a judicializa\u00e7\u00e3o.<\/p>\n","protected":false},"author":1,"featured_media":0,"parent":0,"menu_order":0,"comment_status":"closed","ping_status":"closed","template":"","meta":{"_joinchat":[],"footnotes":""},"_links":{"self":[{"href":"http:\/\/sdmediar.com.br\/site\/wp-json\/wp\/v2\/pages\/19"}],"collection":[{"href":"http:\/\/sdmediar.com.br\/site\/wp-json\/wp\/v2\/pages"}],"about":[{"href":"http:\/\/sdmediar.com.br\/site\/wp-json\/wp\/v2\/types\/page"}],"author":[{"embeddable":true,"href":"http:\/\/sdmediar.com.br\/site\/wp-json\/wp\/v2\/users\/1"}],"replies":[{"embeddable":true,"href":"http:\/\/sdmediar.com.br\/site\/wp-json\/wp\/v2\/comments?post=19"}],"version-history":[{"count":21,"href":"http:\/\/sdmediar.com.br\/site\/wp-json\/wp\/v2\/pages\/19\/revisions"}],"predecessor-version":[{"id":5198,"href":"http:\/\/sdmediar.com.br\/site\/wp-json\/wp\/v2\/pages\/19\/revisions\/5198"}],"wp:attachment":[{"href":"http:\/\/sdmediar.com.br\/site\/wp-json\/wp\/v2\/media?parent=19"}],"curies":[{"name":"wp","href":"https:\/\/api.w.org\/{rel}","templated":true}]}}