{"id":2014,"date":"2016-06-19T12:02:25","date_gmt":"2016-06-19T15:02:25","guid":{"rendered":"http:\/\/sdmediar.com.br\/site\/?page_id=2014"},"modified":"2018-02-14T22:36:49","modified_gmt":"2018-02-15T00:36:49","slug":"publicacoes","status":"publish","type":"page","link":"http:\/\/sdmediar.com.br\/site\/publicacoes\/","title":{"rendered":"Publica\u00e7\u00f5es"},"content":{"rendered":"<p><strong>04\/09\/2016<\/strong><\/p>\n<p><strong><a href=\"http:\/\/pacificuspodcast.com.br\/mediacao-e-justica-restaurativa-qual-a-diferenca\/\">EP-15 &#8211; Media\u00e7\u00e3o e a Justi\u00e7a Restaurativa. Qual a diferen\u00e7a?<\/a><\/strong><\/p>\n<p><a href=\"http:\/\/sdmediar.com.br\/site\/wp-content\/uploads\/2016\/06\/2016-09-04-6.png\"><img loading=\"lazy\" decoding=\"async\" class=\"alignleft wp-image-2946 size-medium\" src=\"http:\/\/sdmediar.com.br\/site\/wp-content\/uploads\/2016\/06\/2016-09-04-6-300x249.png\" alt=\"2016-09-04 (6)\" width=\"300\" height=\"249\" srcset=\"http:\/\/sdmediar.com.br\/site\/wp-content\/uploads\/2016\/06\/2016-09-04-6-300x249.png 300w, http:\/\/sdmediar.com.br\/site\/wp-content\/uploads\/2016\/06\/2016-09-04-6.png 701w\" sizes=\"(max-width: 300px) 100vw, 300px\" \/><\/a><\/p>\n<p>&nbsp;<\/p>\n<p>&nbsp;<\/p>\n<p>Assista a entrevista\u00a0 que Silvana Dias concedeu ao Pacificus PodCast<\/p>\n<p>&nbsp;<\/p>\n<p>&nbsp;<\/p>\n<p>&nbsp;<\/p>\n<p>&nbsp;<\/p>\n<p>&nbsp;<\/p>\n<hr \/>\n<p><strong>24\/07\/2016<\/strong><\/p>\n<p><strong><a href=\"https:\/\/www.youtube.com\/watch?v=2qupk7Xwg70\">Justi\u00e7a Restaurativa<\/a><\/strong><\/p>\n<p><a href=\"http:\/\/sdmediar.com.br\/site\/wp-content\/uploads\/2016\/06\/2016-07-25-1.png\"><img loading=\"lazy\" decoding=\"async\" class=\"alignleft wp-image-2685 size-medium\" src=\"http:\/\/sdmediar.com.br\/site\/wp-content\/uploads\/2016\/06\/2016-07-25-1-300x204.png\" alt=\"2016-07-25\" width=\"300\" height=\"204\" srcset=\"http:\/\/sdmediar.com.br\/site\/wp-content\/uploads\/2016\/06\/2016-07-25-1-300x204.png 300w, http:\/\/sdmediar.com.br\/site\/wp-content\/uploads\/2016\/06\/2016-07-25-1-768x521.png 768w, http:\/\/sdmediar.com.br\/site\/wp-content\/uploads\/2016\/06\/2016-07-25-1.png 899w\" sizes=\"(max-width: 300px) 100vw, 300px\" \/><br \/>\n<\/a><\/p>\n<p>Assista a entrevista que Silvana Dias concedeu ao Programa Direito e Justi\u00e7a em Foco<\/p>\n<p>&nbsp;<\/p>\n<p>&nbsp;<\/p>\n<p>&nbsp;<\/p>\n<p>&nbsp;<\/p>\n<hr \/>\n<p><strong>04\/05\/2016<\/strong><\/p>\n<p><a href=\"https:\/\/delreyonline.com.br\/direito\/direito-geral\/mediacao-de-conflitos-a-emergencia-de-um-novo-paradigma-724813\"><strong>Media\u00e7\u00e3o de Conflitos:\u00a0A Emerg\u00eancia de Um Novo Paradigma<\/strong><\/a><\/p>\n<p><a href=\"http:\/\/sdmediar.com.br\/site\/wp-content\/uploads\/2016\/06\/livro-del-rey.jpg\"><img loading=\"lazy\" decoding=\"async\" class=\"alignleft wp-image-2674 size-medium\" src=\"http:\/\/sdmediar.com.br\/site\/wp-content\/uploads\/2016\/06\/livro-del-rey-206x300.jpg\" alt=\"livro del rey\" width=\"206\" height=\"300\" srcset=\"http:\/\/sdmediar.com.br\/site\/wp-content\/uploads\/2016\/06\/livro-del-rey-206x300.jpg 206w, http:\/\/sdmediar.com.br\/site\/wp-content\/uploads\/2016\/06\/livro-del-rey.jpg 260w\" sizes=\"(max-width: 206px) 100vw, 206px\" \/><\/a><span id=\"lblDescricaoCurta\" class=\"detalhes_DescricaoCurta\"><\/span><\/p>\n<p style=\"text-align: justify;\"><span id=\"lblDescricaoCurta\" class=\"detalhes_DescricaoCurta\">\u00a0<\/span><\/p>\n<p style=\"text-align: justify;\"><span id=\"lblDescricaoCurta\" class=\"detalhes_DescricaoCurta\">2016 &#8211; Coord.Cl\u00e1udia Maria Gomes de Souza,Fernando Gonzaga Jayme,Martha Halfed Furtado de Mendon\u00e7a Schmidt,Rita Andr\u00e9a Guimar\u00e3es de Carvalho Pereira &#8211;\u00a0 Del Rey <\/span><\/p>\n<p>C\u00f3digo: <span id=\"lblCodigo\" class=\"detalhes_codigoProduto\">9788538404545<\/span><\/p>\n<p style=\"text-align: justify;\"><span id=\"lblDescricaoCurta\" class=\"detalhes_DescricaoCurta\">Coautora: Silvana Dias &#8211; &#8220;Media\u00e7\u00e3o e suas Pr\u00e1ticas Circular-Narrativas&#8221; <\/span><\/p>\n<p>&nbsp;<\/p>\n<p>&nbsp;<\/p>\n<p>&nbsp;<\/p>\n<p>&nbsp;<\/p>\n<hr \/>\n<p style=\"text-align: justify;\"><strong>25\/09\/2015<\/strong><\/p>\n<p style=\"text-align: justify;\"><a title=\"Projeto OAB Leva a Media\u00e7\u00e3o at\u00e9 voc\u00ea\" href=\"http:\/\/www.newsflip.com.br\/files\/flip\/ipiranga\/898\/upload\/pagina3.pdf\" target=\"_blank\" rel=\"noopener\"><b>Projeto &#8220;OAB Leva a Media\u00e7\u00e3o at\u00e9 voc\u00ea&#8221;<\/b><\/a><\/p>\n<p style=\"text-align: justify;\"><a href=\"http:\/\/sdmediar.com.br\/site\/wp-content\/uploads\/2016\/06\/pagina3_thumb-102x150.jpg\"><img loading=\"lazy\" decoding=\"async\" class=\"alignleft wp-image-2040 size-thumbnail\" src=\"http:\/\/sdmediar.com.br\/site\/wp-content\/uploads\/2016\/06\/pagina3_thumb-102x150.jpg\" alt=\"pagina3_thumb\" width=\"102\" height=\"150\" \/><\/a><\/p>\n<p style=\"text-align: justify;\">Leia a mat\u00e9ria sobre a media\u00e7\u00e3o prestada por advogados da Comiss\u00e3o de Media\u00e7\u00e3o &#8211; OAB Jabaquara-Sa\u00fade, com Silvana Dias, membro do comit\u00ea gestor do projeto &#8220;OAB Leva a Media\u00e7\u00e3o at\u00e9 voc\u00ea&#8221;, Ipiranga News &#8211; \u00a0Ano XVIII, \u00a0n. 898, p\u00e1g.<\/p>\n<p>&nbsp;<\/p>\n<p>&nbsp;<\/p>\n<p>&nbsp;<\/p>\n<hr \/>\n<p><strong>Dezembro\/2014<\/strong><\/p>\n<p><strong><a href=\"http:\/\/issuu.com\/tjspoficial\/docs\/3___edi____o_-_18-12\/25?e=12957653\/10609884\" target=\"_blank\" rel=\"noopener\">&#8220;Eles est\u00e3o pacificando a sociedade&#8221;<\/a><\/strong><\/p>\n<p><strong><a href=\"http:\/\/sdmediar.com.br\/site\/wp-content\/uploads\/2014\/08\/2016-06-12-2.png\"><img loading=\"lazy\" decoding=\"async\" class=\"alignleft wp-image-1790 size-medium\" src=\"http:\/\/sdmediar.com.br\/site\/wp-content\/uploads\/2014\/08\/2016-06-12-2-300x201.png\" alt=\"2016-06-12 (2)\" width=\"300\" height=\"201\" srcset=\"http:\/\/sdmediar.com.br\/site\/wp-content\/uploads\/2014\/08\/2016-06-12-2-300x201.png 300w, http:\/\/sdmediar.com.br\/site\/wp-content\/uploads\/2014\/08\/2016-06-12-2.png 724w\" sizes=\"(max-width: 300px) 100vw, 300px\" \/><br \/>\n<\/a><\/strong><\/p>\n<p>Leia a entrevista que\u00a0Silvana Dias concedeu para a revista Justi\u00e7a SP, ed\u00a0n\u00ba 3.<\/p>\n<p>&nbsp;<\/p>\n<p>&nbsp;<\/p>\n<p>&nbsp;<\/p>\n<p>&nbsp;<\/p>\n<hr \/>\n","protected":false},"excerpt":{"rendered":"<p>04\/09\/2016 EP-15 &#8211; Media\u00e7\u00e3o e a Justi\u00e7a Restaurativa. Qual a diferen\u00e7a? &nbsp; &nbsp; Assista a entrevista\u00a0 que Silvana Dias concedeu ao Pacificus PodCast &nbsp; &nbsp; &nbsp; &nbsp; &nbsp; 24\/07\/2016 Justi\u00e7a Restaurativa Assista a entrevista que Silvana Dias concedeu ao Programa Direito e Justi\u00e7a em Foco &nbsp; &nbsp; &nbsp; &nbsp; 04\/05\/2016 Media\u00e7\u00e3o de Conflitos:\u00a0A Emerg\u00eancia de [&hellip;]<\/p>\n","protected":false},"author":2,"featured_media":0,"parent":0,"menu_order":0,"comment_status":"closed","ping_status":"closed","template":"","meta":{"_joinchat":[],"footnotes":""},"_links":{"self":[{"href":"http:\/\/sdmediar.com.br\/site\/wp-json\/wp\/v2\/pages\/2014"}],"collection":[{"href":"http:\/\/sdmediar.com.br\/site\/wp-json\/wp\/v2\/pages"}],"about":[{"href":"http:\/\/sdmediar.com.br\/site\/wp-json\/wp\/v2\/types\/page"}],"author":[{"embeddable":true,"href":"http:\/\/sdmediar.com.br\/site\/wp-json\/wp\/v2\/users\/2"}],"replies":[{"embeddable":true,"href":"http:\/\/sdmediar.com.br\/site\/wp-json\/wp\/v2\/comments?post=2014"}],"version-history":[{"count":88,"href":"http:\/\/sdmediar.com.br\/site\/wp-json\/wp\/v2\/pages\/2014\/revisions"}],"predecessor-version":[{"id":3890,"href":"http:\/\/sdmediar.com.br\/site\/wp-json\/wp\/v2\/pages\/2014\/revisions\/3890"}],"wp:attachment":[{"href":"http:\/\/sdmediar.com.br\/site\/wp-json\/wp\/v2\/media?parent=2014"}],"curies":[{"name":"wp","href":"https:\/\/api.w.org\/{rel}","templated":true}]}}