{"id":2017,"date":"2016-06-19T12:02:47","date_gmt":"2016-06-19T15:02:47","guid":{"rendered":"http:\/\/sdmediar.com.br\/site\/?page_id=2017"},"modified":"2020-02-25T00:41:59","modified_gmt":"2020-02-25T03:41:59","slug":"legislacao","status":"publish","type":"page","link":"http:\/\/sdmediar.com.br\/site\/legislacao\/","title":{"rendered":"Legisla\u00e7\u00e3o"},"content":{"rendered":"<p><strong><a href=\"http:\/\/sdmediar.com.br\/site\/wp-content\/uploads\/2020\/02\/manualPartilha-de-bens-fam\u00edlia-e-sucess\u00f5es.pdf\">Manual de Partilha de bens &#8211; Fam\u00edlia e Sucess\u00f5es &#8211; 1a edi\u00e7\u00e3o<\/a><\/strong><\/p>\n<p>A partilha de bens pode decorrer por ocasi\u00e3o de um div\u00f3rcio, de uma separa\u00e7\u00e3o, de uma dissolu\u00e7\u00e3o de uni\u00e3o est\u00e1vel ou de um invent\u00e1rio\/arrolamento, quando do falecimento de uma pessoa, podendo ser realizada de maneira amig\u00e1vel, judicial ou extrajudicial, observadas as formalidades legais.<\/p>\n<p><a href=\"http:\/\/sdmediar.com.br\/site\/wp-content\/uploads\/2020\/02\/GuiaPratico_Media\u00e7\u00e3o-Concilia\u00e7\u00e3o-e-Oficina-TJSP-5a-edi\u00e7\u00e3o.pdf\"><strong>Guia Pr\u00e1tico Media\u00e7\u00e3o, Concilia\u00e7\u00e3o e Oficina de Div\u00f3rcio e Parentalidade &#8211; TJSP &#8211; 5a edi\u00e7\u00e3o<\/strong><\/a><\/p>\n<p>Ap\u00f3s o credenciamento de um grande n\u00famero de C\u00e2maras Privadas e a instala\u00e7\u00e3o de 279 Centros Judici\u00e1rios de Solu\u00e7\u00e3o de Conflitos e Cidadania (Cejusc), computados nesse n\u00famero tamb\u00e9m os Postos correspondentes, a experi\u00eancia mostrou que havia necessidade de promovermos pequenas e pontuais altera\u00e7\u00f5es no GUIA PR\u00c1TICO DE MEDIA\u00c7\u00c3O JUDICIAL E CONCILIA\u00c7\u00c3O que anteriormente houvera sido editado.<\/p>\n<p><a href=\"http:\/\/sdmediar.com.br\/site\/wp-content\/uploads\/2020\/02\/ManualConciliacaoMediacaoExtrajudiciais-1.pdf\"><strong>Manual de Concilia\u00e7\u00e3o e Media\u00e7\u00e3o Cart\u00f3rios Extrajudiciais<\/strong><\/a><\/p>\n<p>Resolu\u00e7\u00e3o 67\/2018 da Corregedoria Nacional de Justi\u00e7a que disp\u00f5e sobre os<br \/>\nprocedimentos de concilia\u00e7\u00e3o e de media\u00e7\u00e3o nos servi\u00e7os notariais e de registro do Brasil.<br \/>\nProvimento 42\/2018 da Corregedoria Geral da Justi\u00e7a<\/p>\n<p><strong><a href=\"http:\/\/sdmediar.com.br\/site\/wp-content\/uploads\/2020\/02\/Orienta\u00e7\u00f5es-para-os-Gestores-de-Cejuscs-quanto-\u00e0-Resolu\u00e7\u00e3o-n.-809-2019.pdf\">Orienta\u00e7\u00f5es para os Gestores dos Cejuscs quanto \u00e0 Resolu\u00e7\u00e3o n. 809\/2019<\/a><\/strong><\/p>\n<p>Orienta\u00e7\u00f5es para os Gestores dos Cejuscs<\/p>\n<p><strong><a href=\"http:\/\/sdmediar.com.br\/site\/wp-content\/uploads\/2020\/02\/Resolucao809-2019.pdf\">Resolu\u00e7\u00e3o 809\/19<\/a><\/strong><\/p>\n<p>O Tribunal de Justi\u00e7a de S\u00e3o Paulo aprovou a Resolu\u00e7\u00e3o 809\/2019, que estabelece tabela com os par\u00e2metros para remunera\u00e7\u00e3o de mediadores.<\/p>\n<p><strong><a href=\"http:\/\/sdmediar.com.br\/site\/wp-content\/uploads\/2020\/02\/TabelaDeRemuneracao.pdf\">Tabela de Remunera\u00e7\u00e3o<\/a><\/strong><\/p>\n<p>Tabela de remunera\u00e7\u00e3o patamar b\u00e1sico, intermedi\u00e1rio, avan\u00e7ado e extraordin\u00e1rio.<\/p>\n<p><strong><a href=\"http:\/\/sdmediar.com.br\/site\/wp-content\/uploads\/2016\/06\/Resolucao_ENFAM_03_2017.pdf\">Resolu\u00e7\u00e3o ENFAM n.3\/2017<\/a>\u00a0<\/strong><\/p>\n<p>Altera a Resolu\u00e7\u00e3o Enfam n. 6 de 21 de novembro de \u00a02016, que disp\u00f5e sobre os procedimentos de reconhecimento de escolas ou institui\u00e7\u00f5es para realiza\u00e7\u00e3o de cursos de forma\u00e7\u00e3o de mediadores judiciais.<\/p>\n<p><strong><a href=\"http:\/\/sdmediar.com.br\/site\/wp-content\/uploads\/2016\/06\/CSM-Provimento-2416-2017.pdf\">Provimento CSM 2416\/2017 &#8211; TJSP<\/a><\/strong><\/p>\n<p>Institui o Grupo Gestor da Justi\u00e7a Restaurativa no \u00e2mbito da Coordenadoria da Inf\u00e2ncia e da Juventude do Tribunal de Justi\u00e7a do Estado de S\u00e3o Paulo<\/p>\n<p><strong><a href=\"http:\/\/sdmediar.com.br\/site\/wp-content\/uploads\/2020\/02\/Provimento_CSM_2327_2016-Oficina-de-Div\u00f3rcio-e-Parentalidade.pdf\">Provimento CSM 2327\/2016 &#8211; Oficina de Div\u00f3rcio e Parentalidade<\/a><\/strong><\/p>\n<p>Disp\u00f5e sobre a implanta\u00e7\u00e3o da Oficina da Parentalidade nos CENTROS JUDICI\u00c1RIOS DE SOLU\u00c7\u00c3O DE CONFLITOS E CIDADANIA do Estado de S\u00e3o Paulo visando \u00e0 estabiliza\u00e7\u00e3o, harmoniza\u00e7\u00e3o e pacifica\u00e7\u00e3o das rela\u00e7\u00f5es familiares.<\/p>\n<p><strong><a href=\"http:\/\/sdmediar.com.br\/site\/wp-content\/uploads\/2016\/06\/Res_6_2016_enfam.pdf\">Resolu\u00e7\u00e3o ENFAM n.6\/2016<\/a><\/strong><\/p>\n<p>Estabelece os procedimentos de reconhecimento de escolas ou institui\u00e7\u00f5es para a realiza\u00e7\u00e3o de cursos de forma\u00e7\u00e3o de mediadores judiciais.<\/p>\n<p><strong><a href=\"http:\/\/sdmediar.com.br\/site\/wp-content\/uploads\/2016\/06\/Enunciados-aprovados-CJF.pdf\">Enunciados aprovados\u00a0 <\/a><\/strong><\/p>\n<p>&#8220;I Jornada de Preven\u00e7\u00e3o e Solu\u00e7\u00e3o Extrajudicial de Lit\u00edgios&#8221; &#8211; Conselho da Justi\u00e7a Federal &#8211; Bras\u00edlia<\/p>\n<p><strong><a href=\"http:\/\/sdmediar.com.br\/site\/wp-content\/uploads\/2016\/06\/portaria-n91-17-08-2016-presidncia.pdf\">Portaria 91 &#8211; 17 de agosto de 2016<\/a><\/strong><\/p>\n<p>Institui o Comit\u00ea Gestor da Justi\u00e7a Restaurativa<\/p>\n<p><strong><a href=\"http:\/\/sdmediar.com.br\/site\/wp-content\/uploads\/2016\/06\/CSM-Provimento-2348-2016.pdf\">Provimento CSM 2348\/2016 &#8211; Tribunal de Justi\u00e7a de S\u00e3o Paulo<\/a><\/strong><\/p>\n<p>Disp\u00f5e sobre a admiss\u00e3o, cadastramento, atua\u00e7\u00e3o, supervis\u00e3o, afastamento e exclus\u00e3o dos conciliadores, mediadores e c\u00e2maras privadas de concilia\u00e7\u00e3o e media\u00e7\u00e3o perante o Tribunal de Justi\u00e7a do Estado de S\u00e3o Paulo.<\/p>\n<p><strong><a href=\"http:\/\/sdmediar.com.br\/site\/wp-content\/uploads\/2016\/06\/Manual_CCMJ.pdf\">Cadastro Nacional de Conciliadores e Mediadores &#8211; CCMJ\/CNJ <\/a><\/strong>(Manual usu\u00e1rio)<\/p>\n<p style=\"text-align: justify;\">O Cadastro Nacional de Mediadores Judiciais e Conciliadores \u2013 CCMJ, desenvolvido pelo Conselho Nacional de Justi\u00e7a, tem como principais objetivos dar visibilidade aos mediadores, conciliadores e c\u00e2maras de media\u00e7\u00e3o e concilia\u00e7\u00e3o capacitados e habilitados a atuar nos tribunais de todo o pa\u00eds.<\/p>\n<p><a href=\"http:\/\/sdmediar.com.br\/site\/wp-content\/uploads\/2014\/08\/resolucao_225_31052016_02062016161414.pdf\"><strong>Resolu\u00e7\u00e3o n. 225\/2016 do Conselho Nacional de Justi\u00e7a &#8211; CNJ<\/strong><\/a><\/p>\n<p>Disp\u00f5e sobre a Pol\u00edtica Nacional de Justi\u00e7a Restaurativa no \u00e2mbito do Poder Judici\u00e1rio e d\u00e1 outras provid\u00eancias.<\/p>\n<p><a href=\"http:\/\/sdmediar.com.br\/site\/wp-content\/uploads\/2014\/08\/Res_1_2016_ENFAM.pdf\"><strong>Emenda n.1\/2016 da Escola Nacional de Forma\u00e7\u00e3o e Aperfei\u00e7oamento de Magistrado &#8211; ENFAM<\/strong><\/a><\/p>\n<p>Disp\u00f5e sobre o regime de reconhecimento de escolas ou institui\u00e7\u00f5es para a realiza\u00e7\u00e3o de cursos de forma\u00e7\u00e3o de mediadores judiciais no \u00e2mbito da Escola Nacional de Forma\u00e7\u00e3o e Aperfei\u00e7oamento de Magistrados Ministro S\u00e1lvio de Figueiredo Teixeira \u2013 Enfam e das escolas vinculadas a tribunais.<\/p>\n<p><strong><a href=\"http:\/\/sdmediar.com.br\/site\/wp-content\/uploads\/2016\/06\/GuiaPratico_internet.pdf\">Guia Pr\u00e1tico de Media\u00e7\u00e3o Judicial e Concilia\u00e7\u00e3o &#8211; TJSP &#8211; 2a. Edi\u00e7\u00e3o &#8211; 2016<\/a><\/strong><\/p>\n<p>Altera\u00e7\u00e3o do Guia Pr\u00e1tico de Media\u00e7\u00e3o Judicial e Concilia\u00e7\u00e3o<\/p>\n<p><strong><a href=\"http:\/\/sdmediar.com.br\/site\/wp-content\/uploads\/2014\/08\/GuiaPraticoMedicaoJudConc.pdf\">Guia Pr\u00e1tico de Media\u00e7\u00e3o Judicial e Concilia\u00e7\u00e3o &#8211; TJSP<\/a><\/strong><\/p>\n<p style=\"text-align: justify;\">Tendo em vista a proximidade da vig\u00eancia do novo C\u00f3digo de Processo Civil, Lei n\u00ba 13.105\/2015, a entrada em vigor da Lei da Media\u00e7\u00e3o, n\u00famero 13.140\/2015, bem como do Provimento CSM 2.287\/2015 e tamb\u00e9m as constantes recomenda\u00e7\u00f5es do Conselho Nacional de Justi\u00e7a e Minist\u00e9rio da Justi\u00e7a, a Presid\u00eancia, a Corregedoria Geral da Justi\u00e7a e o NUPEMEC \u2013 N\u00facleo Permanente de M\u00e9todos Consensuais de Solu\u00e7\u00e3o de Conflitos, apresentam esse Guia Pr\u00e1tico direcionado aos magistrados com as Diretrizes de Trabalho no que concerne \u00e0 Media\u00e7\u00e3o, a fim de que a transi\u00e7\u00e3o para o modelo proposto para a pr\u00e1tica da media\u00e7\u00e3o pela nova legisla\u00e7\u00e3o seja a mais eficiente e tranquila poss\u00edvel.<\/p>\n<p><a href=\"http:\/\/sdmediar.com.br\/site\/wp-content\/uploads\/2014\/08\/Emenda-n.-2-da-Resolu\u00e7\u00e3o-n.1252010.pdf\"><strong>Emenda n. 2 da Resolu\u00e7\u00e3o n.125\/2010 do Conselho Nacional de Justi\u00e7a<\/strong><\/a><\/p>\n<p style=\"text-align: justify;\">Altera e acrescenta os artigos e Anexos I e III da Resolu\u00e7\u00e3o n. 125\/210<\/p>\n<p><a href=\"http:\/\/sdmediar.com.br\/site\/wp-content\/uploads\/2014\/08\/Enunciados-do-FONAMEC.pdf\"><strong>Solu\u00e7\u00e3o Extrajudicial como Direito Fundamental &#8211; Proposta de Emenda <\/strong><strong>Constitucion<\/strong><strong>al<\/strong><\/a><\/p>\n<p>Acrescenta inciso LXXIX ao artigo 5o. da Constitui\u00e7\u00e3o Federal, para estabelecer o emprego de meios extrajudiciais de solu\u00e7\u00e3o de conflitos como um direito fundamental.<\/p>\n<p><a href=\"http:\/\/sdmediar.com.br\/site\/wp-content\/uploads\/2014\/08\/Enunciados-do-FONAMEC.pdf\"><strong>Enunciados do F\u00f3rum Nacional da Media\u00e7\u00e3o e Concilia\u00e7\u00e3o &#8211; FONAMEC-CNJ<\/strong><\/a><\/p>\n<p>Semestralmente o F\u00f3rum Nacional da Media\u00e7\u00e3o e Concilia\u00e7\u00e3o se re\u00fane e promove discuss\u00f5es objetivando levantar boas pr\u00e1ticas que possam aprimorar o exerc\u00edcio das fun\u00e7\u00f5es desempenhadas por seus integrantes nos Estados de origem, tendo por escopo aperfei\u00e7oar cada vez mais os m\u00e9todos consensuais de solu\u00e7\u00e3o de conflitos por meio de interc\u00e2mbio de experi\u00eancias.<\/p>\n<p>Estrutura do Centro Judici\u00e1rio de Solu\u00e7\u00e3o de Conflitos e Cidadania \u2013 CEJUSC<\/p>\n<p><strong><a href=\"http:\/\/sdmediar.com.br\/site\/wp-content\/uploads\/2016\/06\/ProvimentoCSM2288_2015.pdf\">Provimento CSM 2288\/2015<\/a>\u00a0<\/strong><\/p>\n<p>Regulamenta o credenciamento de entidades interessadas na capacita\u00e7\u00e3o e aperfei\u00e7oamento dos conciliadores e mediadores judiciais, bem assim o cadastro destes, nos termos da Resolu\u00e7\u00e3o CNJ n.125\/2010.<\/p>\n<p><strong><a href=\"http:\/\/sdmediar.com.br\/site\/wp-content\/uploads\/2016\/06\/Provimento-CSM-2287-2015.pdf\">Provimento CSM 2287\/2015 &#8211; Revogado<\/a><\/strong><\/p>\n<p style=\"text-align: justify;\">Disp\u00f5e sobre a admiss\u00e3o, cadastramento, atua\u00e7\u00e3o, supervis\u00e3o, afastamento e exclus\u00e3o dos conciliadores, mediadores e c\u00e2maras privadas de concilia\u00e7\u00e3o e media\u00e7\u00e3o perante o Tribunal de Justi\u00e7a do Estado de S\u00e3o Paulo.<\/p>\n<p style=\"text-align: justify;\"><a href=\"http:\/\/sdmediar.com.br\/site\/wp-content\/uploads\/2014\/08\/resolucao_225_31052016_02062016161414.pdf\"><strong>Manual de Media\u00e7\u00e3o de Conflitos para Advogados<\/strong><\/a><\/p>\n<p style=\"text-align: justify;\">O Manual de Media\u00e7\u00e3o de Conflitos para Advogados que agora se apresenta \u00e9 fruto da prof\u00edcua parceria com o Minist\u00e9rio da Justi\u00e7a e o Conselho Federal da Ordem dos Advogados do Brasil, em favor da promo\u00e7\u00e3o e qualifica\u00e7\u00e3o do debate e da pr\u00e1tica dos m\u00e9todos autocompositivos de solu\u00e7\u00e3o de conflitos na advocacia brasileira.<\/p>\n<p><a href=\"http:\/\/sdmediar.com.br\/site\/wp-content\/uploads\/2014\/08\/L13140.pdf\"><strong>Lei 13140\/2015 &#8211; Media\u00e7\u00e3o<\/strong><\/a><\/p>\n<p style=\"text-align: justify;\">Disp\u00f5e sobre a media\u00e7\u00e3o entre particulares como meio de solu\u00e7\u00e3o de controv\u00e9rsias e sobre a autocomposi\u00e7\u00e3o de conflitos no \u00e2mbito da administra\u00e7\u00e3o p\u00fablica; altera a Lei no 9.469, de 10 de julho de 1997, e o Decreto no 70.235, de 6 de mar\u00e7o de 1972; e revoga o \u00a7 2o do art. 6o da Lei no 9.469, de 10 de julho de 1997.<\/p>\n<p><a href=\"http:\/\/sdmediar.com.br\/site\/wp-content\/uploads\/2014\/08\/L13105.pdf\"><strong>Lei 13105\/2015 <\/strong><strong>&#8211;<\/strong><strong> Novo CPC\u00a0<\/strong><\/a><\/p>\n<p style=\"text-align: justify;\">A PRESIDENTA DA REP\u00daBLICA Fa\u00e7o saber que o Congresso Nacional decreta e eu sanciono a seguinte Lei:<\/p>\n<p style=\"text-align: justify;\"><strong><a href=\"http:\/\/sdmediar.com.br\/site\/wp-content\/uploads\/2014\/08\/Tramitacao-PL-7169-2014-CCJ-Zveiter-p2-10-06-14.pdf\">Substitutivo ao PL 7169\/2014<\/a><br \/>\n<\/strong>Disp\u00f5e sobre a media\u00e7\u00e3o entre particulares como o meio alternativo de solu\u00e7\u00e3o de controv\u00e9rsias e sobre a composi\u00e7\u00e3o de conflitos no \u00e2mbito da Administra\u00e7\u00e3o P\u00fablica<\/p>\n<p style=\"text-align: justify;\"><strong><a href=\"http:\/\/sdmediar.com.br\/site\/wp-content\/uploads\/2014\/08\/recomend_gp_50_2014.pdf\">Recomenda\u00e7\u00e3o n. 50, de 8 de maio de 2014 &#8211; Conselho Nacional de Justi\u00e7a \u2013 CNJ<\/a><br \/>\n<\/strong>Recomenda aos Tribunais de Justi\u00e7a, Tribunais Regionais do Trabalho e Tribunais Regionais Federais realiza\u00e7\u00e3o de estudos e de a\u00e7\u00f5es tendentes a dar continuidade ao Movimento Permanente pela Concilia\u00e7\u00e3o.<\/p>\n<p><strong><a href=\"http:\/\/sdmediar.com.br\/site\/wp-content\/uploads\/2014\/08\/Lei-12318_10-Alienacao-Parental.pdf\">Lei 12.318, de 26 de agosto de 2010<\/a><\/strong><br \/>\nLei de Aliena\u00e7\u00e3o Parental<\/p>\n<p><strong><a href=\"http:\/\/sdmediar.com.br\/site\/wp-content\/uploads\/2014\/08\/PL-505-2002.pdf\">Projeto de Lei 505, de 2002<\/a><br \/>\n<\/strong>Projeto de Lei &#8211; Media\u00e7\u00e3o Familiar<\/p>\n<p><strong><a href=\"http:\/\/sdmediar.com.br\/site\/wp-content\/uploads\/2014\/08\/Projeto-de-Lei-4827.pdf\">Projeto de Lei 4827, de 1998<\/a><br \/>\n<\/strong>Projeto de Lei &#8211; Media\u00e7\u00e3o<\/p>\n<p><a href=\"http:\/\/sdmediar.com.br\/site\/wp-content\/uploads\/2014\/08\/C\u00f3digo-de-\u00c9tica-Conciliadores-e-Mediadores-Judiciais-Res.-1251.pdf\"><strong>C\u00f3digo de \u00c9tica Conciliadores e Mediadores Judiciais<\/strong><br \/>\n<\/a>CNJ Resolu\u00e7\u00e3o 125<\/p>\n<p><strong><a href=\"http:\/\/sdmediar.com.br\/site\/wp-content\/uploads\/2014\/08\/Projeto-de-Lei-do-Senado-517-2011.pdf\">Pl 517\/2011 Senado Federal<\/a><\/strong><br \/>\nInstitui e disciplina o uso da media\u00e7\u00e3o como instrumento para preven\u00e7\u00e3o e solu\u00e7\u00e3o consensual de conflitos<\/p>\n<p><strong><a href=\"http:\/\/sdmediar.com.br\/site\/wp-content\/uploads\/2014\/08\/Lei-11804-de-2008.pdf\">Lei 11.804, de 05 de novembro de 2008<\/a><br \/>\n<\/strong>Regulamenta os alimentos grav\u00eddicos<\/p>\n<p><strong><a href=\"http:\/\/sdmediar.com.br\/site\/wp-content\/uploads\/2014\/08\/Lei-11.698-2008.pdf\">Lei 11.698, de 13 de junho de 2008<\/a><br \/>\n<\/strong>Lei da Guarda Compartilhada<\/p>\n<p><strong><a href=\"http:\/\/sdmediar.com.br\/site\/wp-content\/uploads\/2014\/08\/Lei-11.441-2007.pdf\">Lei 11.441, de 04 de janeiro de 2007<\/a><br \/>\n<\/strong>Separa\u00e7\u00e3o, Div\u00f3rcio e Invent\u00e1rio Extrajudicial<\/p>\n<p><strong><a href=\"http:\/\/sdmediar.com.br\/site\/wp-content\/uploads\/2014\/08\/Lei-9307-1996.pdf\">Lei 9.307, de 23 de setembro de 1996<\/a><br \/>\n<\/strong>Lei de Arbitragem<\/p>\n<p><strong><a href=\"http:\/\/sdmediar.com.br\/site\/wp-content\/uploads\/2014\/08\/C\u00d3DIGO-DE-\u00c9TICA-PARA-MEDIADORES-CONIMA.pdf\">C\u00f3digo de \u00c9tica de Mediadores \u2013 CONIMA<\/a><br \/>\n<\/strong>C\u00f3digo de \u00c9tica CONIMA<\/p>\n","protected":false},"excerpt":{"rendered":"<p>Manual de Partilha de bens &#8211; Fam\u00edlia e Sucess\u00f5es &#8211; 1a edi\u00e7\u00e3o A partilha de bens pode decorrer por ocasi\u00e3o de um div\u00f3rcio, de uma separa\u00e7\u00e3o, de uma dissolu\u00e7\u00e3o de uni\u00e3o est\u00e1vel ou de um invent\u00e1rio\/arrolamento, quando do falecimento de uma pessoa, podendo ser realizada de maneira amig\u00e1vel, judicial ou extrajudicial, observadas as formalidades legais. [&hellip;]<\/p>\n","protected":false},"author":2,"featured_media":0,"parent":0,"menu_order":0,"comment_status":"closed","ping_status":"closed","template":"","meta":{"_joinchat":[],"footnotes":""},"_links":{"self":[{"href":"http:\/\/sdmediar.com.br\/site\/wp-json\/wp\/v2\/pages\/2017"}],"collection":[{"href":"http:\/\/sdmediar.com.br\/site\/wp-json\/wp\/v2\/pages"}],"about":[{"href":"http:\/\/sdmediar.com.br\/site\/wp-json\/wp\/v2\/types\/page"}],"author":[{"embeddable":true,"href":"http:\/\/sdmediar.com.br\/site\/wp-json\/wp\/v2\/users\/2"}],"replies":[{"embeddable":true,"href":"http:\/\/sdmediar.com.br\/site\/wp-json\/wp\/v2\/comments?post=2017"}],"version-history":[{"count":49,"href":"http:\/\/sdmediar.com.br\/site\/wp-json\/wp\/v2\/pages\/2017\/revisions"}],"predecessor-version":[{"id":4256,"href":"http:\/\/sdmediar.com.br\/site\/wp-json\/wp\/v2\/pages\/2017\/revisions\/4256"}],"wp:attachment":[{"href":"http:\/\/sdmediar.com.br\/site\/wp-json\/wp\/v2\/media?parent=2017"}],"curies":[{"name":"wp","href":"https:\/\/api.w.org\/{rel}","templated":true}]}}