{"id":2019,"date":"2016-06-19T12:03:21","date_gmt":"2016-06-19T15:03:21","guid":{"rendered":"http:\/\/sdmediar.com.br\/site\/?page_id=2019"},"modified":"2016-06-19T12:36:17","modified_gmt":"2016-06-19T15:36:17","slug":"links-nacionais","status":"publish","type":"page","link":"http:\/\/sdmediar.com.br\/site\/links-nacionais\/","title":{"rendered":"Links Nacionais"},"content":{"rendered":"<p><strong>CBAr<br \/>\n<\/strong>Comit\u00ea Brasileiro de Arbitragem<br \/>\n<strong><a href=\"http:\/\/www.cbar.org.br\" target=\"_blank\">www.cbar.org.br<\/a><\/strong><\/p>\n<p><strong>CONIMA<\/strong><br \/>\nConselho Nacional das Institui\u00e7\u00f5es de Media\u00e7\u00e3o e Arbitragem<br \/>\n<strong><a href=\"http:\/\/www.conima.org.br\" target=\"_blank\">www.conima.org.br<\/a><\/strong><\/p>\n<p><strong>CNJ<\/strong><br \/>\nConselho Nacional de Justi\u00e7a<br \/>\n<strong><a href=\"http:\/\/www.cnj.jus.br\" target=\"_blank\">www.cnj.jus.br<\/a><\/strong><\/p>\n<p><strong>EPM<\/strong><br \/>\nEscola Paulista da Magistratura<br \/>\n<strong><a href=\"http:\/\/www.epm.tjsp.jus.br\" target=\"_blank\">www.epm.tjsp.jus.br<\/a><\/strong><\/p>\n<div dir=\"ltr\"><strong>FONAME<\/strong><\/div>\n<div dir=\"ltr\">F\u00f3rum Nacional de Media\u00e7\u00e3o<\/div>\n<div dir=\"ltr\"><strong><a href=\"http:\/\/www.foname.com.br\">www.foname.com.br<\/a><\/strong><\/div>\n<p><strong>TJSC<\/strong><br \/>\nTribunal de Justi\u00e7a de Santa Catarina<br \/>\n<strong><a href=\"http:\/\/www.tjpr.jus.br\" target=\"_blank\">www.tjpr.jus.br<\/a><\/strong><\/p>\n<p><strong>TJSP<\/strong><br \/>\nTribunal de Justi\u00e7a de S\u00e3o Paulo<br \/>\n<strong><a href=\"http:\/\/www.tjsp.jus.br\" target=\"_blank\">www.tjsp.jus.br<\/a><\/strong><\/p>\n<p><strong>TSF<\/strong><br \/>\nTribunal Superior Federal<br \/>\n<strong><a href=\"http:\/\/www.stf.jus.br\/\" target=\"_blank\">www.stf.jus.br<\/a><br \/>\n<\/strong><\/p>\n","protected":false},"excerpt":{"rendered":"<p>CBAr Comit\u00ea Brasileiro de Arbitragem www.cbar.org.br CONIMA Conselho Nacional das Institui\u00e7\u00f5es de Media\u00e7\u00e3o e Arbitragem www.conima.org.br CNJ Conselho Nacional de Justi\u00e7a www.cnj.jus.br EPM Escola Paulista da Magistratura www.epm.tjsp.jus.br FONAME F\u00f3rum Nacional de Media\u00e7\u00e3o www.foname.com.br TJSC Tribunal de Justi\u00e7a de Santa Catarina www.tjpr.jus.br TJSP Tribunal de Justi\u00e7a de S\u00e3o Paulo www.tjsp.jus.br TSF Tribunal Superior Federal www.stf.jus.br<\/p>\n","protected":false},"author":2,"featured_media":0,"parent":0,"menu_order":0,"comment_status":"closed","ping_status":"closed","template":"","meta":{"_joinchat":[],"footnotes":""},"_links":{"self":[{"href":"http:\/\/sdmediar.com.br\/site\/wp-json\/wp\/v2\/pages\/2019"}],"collection":[{"href":"http:\/\/sdmediar.com.br\/site\/wp-json\/wp\/v2\/pages"}],"about":[{"href":"http:\/\/sdmediar.com.br\/site\/wp-json\/wp\/v2\/types\/page"}],"author":[{"embeddable":true,"href":"http:\/\/sdmediar.com.br\/site\/wp-json\/wp\/v2\/users\/2"}],"replies":[{"embeddable":true,"href":"http:\/\/sdmediar.com.br\/site\/wp-json\/wp\/v2\/comments?post=2019"}],"version-history":[{"count":2,"href":"http:\/\/sdmediar.com.br\/site\/wp-json\/wp\/v2\/pages\/2019\/revisions"}],"predecessor-version":[{"id":2051,"href":"http:\/\/sdmediar.com.br\/site\/wp-json\/wp\/v2\/pages\/2019\/revisions\/2051"}],"wp:attachment":[{"href":"http:\/\/sdmediar.com.br\/site\/wp-json\/wp\/v2\/media?parent=2019"}],"curies":[{"name":"wp","href":"https:\/\/api.w.org\/{rel}","templated":true}]}}