{"id":323,"date":"2014-09-15T10:35:41","date_gmt":"2014-09-15T13:35:41","guid":{"rendered":"http:\/\/sdmediar.com.br\/site\/?page_id=323"},"modified":"2014-09-29T11:32:14","modified_gmt":"2014-09-29T14:32:14","slug":"missao-visao-e-valores","status":"publish","type":"page","link":"http:\/\/sdmediar.com.br\/site\/missao-visao-e-valores\/","title":{"rendered":"Miss\u00e3o, vis\u00e3o e valores"},"content":{"rendered":"<h2><img loading=\"lazy\" decoding=\"async\" class=\"wp-image-494 alignright\" src=\"http:\/\/sdmediar.com.br\/site\/wp-content\/uploads\/2014\/09\/missao1.png\" alt=\"missao\" width=\"180\" height=\"180\" srcset=\"http:\/\/sdmediar.com.br\/site\/wp-content\/uploads\/2014\/09\/missao1.png 200w, http:\/\/sdmediar.com.br\/site\/wp-content\/uploads\/2014\/09\/missao1-150x150.png 150w\" sizes=\"(max-width: 180px) 100vw, 180px\" \/>Miss\u00e3o<\/h2>\n<hr \/>\n<ul>\n<li>Facilitar e auxiliar a comunica\u00e7\u00e3o entre as pessoas, fam\u00edlias, empresas e organiza\u00e7\u00f5es em diferentes contextos, a fim de buscarem solu\u00e7\u00f5es mais adequadas aos seus conflitos, visando a cultura da pacifica\u00e7\u00e3o.<\/li>\n<\/ul>\n<p>&nbsp;<\/p>\n<h2><img loading=\"lazy\" decoding=\"async\" class=\"wp-image-495 alignright\" src=\"http:\/\/sdmediar.com.br\/site\/wp-content\/uploads\/2014\/09\/visao.png\" alt=\"visao\" width=\"180\" height=\"180\" srcset=\"http:\/\/sdmediar.com.br\/site\/wp-content\/uploads\/2014\/09\/visao.png 200w, http:\/\/sdmediar.com.br\/site\/wp-content\/uploads\/2014\/09\/visao-150x150.png 150w\" sizes=\"(max-width: 180px) 100vw, 180px\" \/> Vis\u00e3o<\/h2>\n<hr \/>\n<ul>\n<li>Ser refer\u00eancia em gest\u00e3o de conflitos e ser reconhecida pela compet\u00eancia de seus profissionais e parceiros.<\/li>\n<\/ul>\n<p>&nbsp;<\/p>\n<p>&nbsp;<\/p>\n<h2><img loading=\"lazy\" decoding=\"async\" class=\"wp-image-496 alignright\" src=\"http:\/\/sdmediar.com.br\/site\/wp-content\/uploads\/2014\/09\/valores.png\" alt=\"valores\" width=\"180\" height=\"180\" srcset=\"http:\/\/sdmediar.com.br\/site\/wp-content\/uploads\/2014\/09\/valores.png 200w, http:\/\/sdmediar.com.br\/site\/wp-content\/uploads\/2014\/09\/valores-150x150.png 150w\" sizes=\"(max-width: 180px) 100vw, 180px\" \/>Valores<\/h2>\n<hr \/>\n<ul>\n<li>\u00a0Autonomia da Vontade<\/li>\n<li>Comprometimento<\/li>\n<li>Comunica\u00e7\u00e3o<\/li>\n<li>Confian\u00e7a<\/li>\n<li>\u00c9tica<\/li>\n<li>Qualidade<\/li>\n<li>Respeito<\/li>\n<li>Sigilo<\/li>\n<\/ul>\n<p>&nbsp;<\/p>\n<p>&nbsp;<\/p>\n<p>&nbsp;<\/p>\n","protected":false},"excerpt":{"rendered":"<p>Miss\u00e3o Facilitar e auxiliar a comunica\u00e7\u00e3o entre as pessoas, fam\u00edlias, empresas e organiza\u00e7\u00f5es em diferentes contextos, a fim de buscarem solu\u00e7\u00f5es mais adequadas aos seus conflitos, visando a cultura da pacifica\u00e7\u00e3o. &nbsp; Vis\u00e3o Ser refer\u00eancia em gest\u00e3o de conflitos e ser reconhecida pela compet\u00eancia de seus profissionais e parceiros. &nbsp; &nbsp; Valores \u00a0Autonomia da Vontade [&hellip;]<\/p>\n","protected":false},"author":1,"featured_media":0,"parent":0,"menu_order":0,"comment_status":"closed","ping_status":"closed","template":"","meta":{"_joinchat":[],"footnotes":""},"_links":{"self":[{"href":"http:\/\/sdmediar.com.br\/site\/wp-json\/wp\/v2\/pages\/323"}],"collection":[{"href":"http:\/\/sdmediar.com.br\/site\/wp-json\/wp\/v2\/pages"}],"about":[{"href":"http:\/\/sdmediar.com.br\/site\/wp-json\/wp\/v2\/types\/page"}],"author":[{"embeddable":true,"href":"http:\/\/sdmediar.com.br\/site\/wp-json\/wp\/v2\/users\/1"}],"replies":[{"embeddable":true,"href":"http:\/\/sdmediar.com.br\/site\/wp-json\/wp\/v2\/comments?post=323"}],"version-history":[{"count":26,"href":"http:\/\/sdmediar.com.br\/site\/wp-json\/wp\/v2\/pages\/323\/revisions"}],"predecessor-version":[{"id":546,"href":"http:\/\/sdmediar.com.br\/site\/wp-json\/wp\/v2\/pages\/323\/revisions\/546"}],"wp:attachment":[{"href":"http:\/\/sdmediar.com.br\/site\/wp-json\/wp\/v2\/media?parent=323"}],"curies":[{"name":"wp","href":"https:\/\/api.w.org\/{rel}","templated":true}]}}