{"id":3754,"date":"2018-01-10T17:16:55","date_gmt":"2018-01-10T19:16:55","guid":{"rendered":"http:\/\/sdmediar.com.br\/site\/?page_id=3754"},"modified":"2021-06-03T21:40:38","modified_gmt":"2021-06-04T00:40:38","slug":"mediacao-2","status":"publish","type":"page","link":"http:\/\/sdmediar.com.br\/site\/mediacao-2\/","title":{"rendered":"M\u00e9todos Adequados de Solu\u00e7\u00e3o de Conflitos"},"content":{"rendered":"<h3><em>C<\/em><em>onhe\u00e7a as diferentes formas de&nbsp;gest\u00e3o de conflitos<\/em><em>:<\/em><\/h3>\n<h2><strong>Media\u00e7\u00e3o &nbsp;<\/strong><\/h2>\n<p style=\"text-align: justify;\"><img loading=\"lazy\" decoding=\"async\" class=\" wp-image-1530 alignleft\" src=\"http:\/\/sdmediar.com.br\/site\/wp-content\/uploads\/2016\/05\/Conselheira-300x192.jpg\" alt=\"Conselheira\" width=\"279\" height=\"169\">\u00c9 um processo volunt\u00e1rio, autocompositivo e n\u00e3o adversarial em que um terceiro neutro e imparcial, devidamente capacitado, escolhido ou aceito pelas partes, restabelece a comunica\u00e7\u00e3o entre os mediandos. O mediador estimula, auxilia as pessoas a identificarem seus interesses e necessidades, n\u00e3o sugere, ele amplia as possibilidades de op\u00e7\u00f5es para solu\u00e7\u00f5es criativas, com ganhos m\u00fatuos e que preservem o relacionamento entre elas. O Sigilo e a confidencialidade s\u00e3o princ\u00edpios da media\u00e7\u00e3o, tanto para o mediador, quanto para os participantes.<\/p>\n<hr>\n<h2><strong>Concilia\u00e7\u00e3o &nbsp;<\/strong><\/h2>\n<p style=\"text-align: justify;\"><a href=\"http:\/\/sdmediar.com.br\/site\/wp-content\/uploads\/2014\/08\/concilia\u00e7\u00e3o.jpg\"><img loading=\"lazy\" decoding=\"async\" class=\"alignleft wp-image-1592 \" src=\"http:\/\/sdmediar.com.br\/site\/wp-content\/uploads\/2014\/08\/concilia\u00e7\u00e3o-300x199.jpg\" alt=\"concilia\u00e7\u00e3o\" width=\"281\" height=\"186\"><\/a>\u00c9 um meio adequado de resolu\u00e7\u00e3o de solu\u00e7\u00e3o de conflitos, autocompositivo e n\u00e3o adversarial. Tem como objetivo estimular a corresponsabiliza\u00e7\u00e3o pelas escolhas feitas e incentiva a cultura de pacifica\u00e7\u00e3o. O conciliador \u00e9 um terceiro imparcial, profissional devidamente qualificado, escolhido ou n\u00e3o pelas partes, pode sugerir e formular propostas, facilita&nbsp;a comunica\u00e7\u00e3o e o di\u00e1logo, auxilia as pessoas a fazerem concess\u00f5es m\u00fatuas no sentido de chegarem ao acordo. O procedimento conciliat\u00f3rio \u00e9 indicado para rela\u00e7\u00f5es circunstanciais e compostas de um \u00fanico v\u00ednculo.<\/p>\n<hr>\n<h2><strong>Negocia\u00e7\u00e3o<\/strong><\/h2>\n<p style=\"text-align: justify;\"><a href=\"http:\/\/sdmediar.com.br\/site\/wp-content\/uploads\/2014\/08\/negocia\u00e7\u00e3o.jpg\"><img loading=\"lazy\" decoding=\"async\" class=\"alignleft wp-image-1590 \" src=\"http:\/\/sdmediar.com.br\/site\/wp-content\/uploads\/2014\/08\/negocia\u00e7\u00e3o-300x210.jpg\" alt=\"negocia\u00e7\u00e3o\" width=\"279\" height=\"195\" srcset=\"http:\/\/sdmediar.com.br\/site\/wp-content\/uploads\/2014\/08\/negocia\u00e7\u00e3o-300x210.jpg 300w, http:\/\/sdmediar.com.br\/site\/wp-content\/uploads\/2014\/08\/negocia\u00e7\u00e3o.jpg 644w\" sizes=\"(max-width: 279px) 100vw, 279px\" \/><\/a>\u00c9 um processo de comunica\u00e7\u00e3o bilateral com o objetivo de chegar a uma decis\u00e3o conjunta (Fisher &amp; Ury). O m\u00e9todo de Havard de Negocia\u00e7\u00e3o \u00e9 bastante utilizado, com base em quatro princ\u00edpios: Pessoas: Separe as pessoas do problema; Interesses: Concentre-se nos interesses e n\u00e3o nas posi\u00e7\u00f5es; Op\u00e7\u00f5es: Crie uma variedade de possibilidades antes de decidir o que fazer e Crit\u00e9rios Objetivos: Insista em que o resultado tenha por base algum padr\u00e3o objetivo.<\/p>\n<p>&nbsp;<\/p>\n<p>&nbsp;<\/p>\n<hr>\n<p>&nbsp;<\/p>\n<p>&nbsp;<\/p>\n","protected":false},"excerpt":{"rendered":"<p>Conhe\u00e7a as diferentes formas de&nbsp;gest\u00e3o de conflitos: Media\u00e7\u00e3o &nbsp; \u00c9 um processo volunt\u00e1rio, autocompositivo e n\u00e3o adversarial em que um terceiro neutro e imparcial, devidamente capacitado, escolhido ou aceito pelas partes, restabelece a comunica\u00e7\u00e3o entre os mediandos. O mediador estimula, auxilia as pessoas a identificarem seus interesses e necessidades, n\u00e3o sugere, ele amplia as possibilidades [&hellip;]<\/p>\n","protected":false},"author":2,"featured_media":0,"parent":0,"menu_order":0,"comment_status":"closed","ping_status":"closed","template":"","meta":{"_joinchat":[],"footnotes":""},"_links":{"self":[{"href":"http:\/\/sdmediar.com.br\/site\/wp-json\/wp\/v2\/pages\/3754"}],"collection":[{"href":"http:\/\/sdmediar.com.br\/site\/wp-json\/wp\/v2\/pages"}],"about":[{"href":"http:\/\/sdmediar.com.br\/site\/wp-json\/wp\/v2\/types\/page"}],"author":[{"embeddable":true,"href":"http:\/\/sdmediar.com.br\/site\/wp-json\/wp\/v2\/users\/2"}],"replies":[{"embeddable":true,"href":"http:\/\/sdmediar.com.br\/site\/wp-json\/wp\/v2\/comments?post=3754"}],"version-history":[{"count":8,"href":"http:\/\/sdmediar.com.br\/site\/wp-json\/wp\/v2\/pages\/3754\/revisions"}],"predecessor-version":[{"id":5060,"href":"http:\/\/sdmediar.com.br\/site\/wp-json\/wp\/v2\/pages\/3754\/revisions\/5060"}],"wp:attachment":[{"href":"http:\/\/sdmediar.com.br\/site\/wp-json\/wp\/v2\/media?parent=3754"}],"curies":[{"name":"wp","href":"https:\/\/api.w.org\/{rel}","templated":true}]}}