{"id":4029,"date":"2019-02-28T17:19:09","date_gmt":"2019-02-28T20:19:09","guid":{"rendered":"http:\/\/sdmediar.com.br\/site\/?page_id=4029"},"modified":"2019-02-28T17:37:23","modified_gmt":"2019-02-28T20:37:23","slug":"norteadores-boa-praticas-em-mediacao-conima","status":"publish","type":"page","link":"http:\/\/sdmediar.com.br\/site\/norteadores-boa-praticas-em-mediacao-conima\/","title":{"rendered":"Boa Pr\u00e1ticas em Media\u00e7\u00e3o &#8211; CONIMA"},"content":{"rendered":"<p>Norteador de Boas Pr\u00e1ticas em Media\u00e7\u00e3o &#8211; CONIMA<\/p>\n<p>Considerando que a Media\u00e7\u00e3o \u00e9 um meio autocompositivo de preven\u00e7\u00e3o e gest\u00e3o<br \/>\nde controv\u00e9rsias pelo qual os envolvidos constroem o consenso que melhor atenda<br \/>\n\u00e0s suas necessidades e interesses com o aux\u00edlio de um terceiro imparcial sem<br \/>\npoder decis\u00f3rio, devidamente capacitado, o mediador, que escolhido pelas partes,<br \/>\nas auxilia e estimula a identificar ou desenvolver solu\u00e7\u00f5es consensuais para<br \/>\nas controv\u00e9rsias.<\/p>\n<p>Considerando que a Media\u00e7\u00e3o transcende \u00e0 solu\u00e7\u00e3o da controv\u00e9rsia, dispondo-se a<br \/>\ntransformar um contexto adversarial em colaborativo. \u00c9 um processo confidencial e<br \/>\nvolunt\u00e1rio, em que a construcao e a responsabilidade das decis\u00f5es cabe \u00e0s partes<br \/>\nenvolvidas.<\/p>\n<p>Considerando que as in\u00fameras pr\u00e1ticas e programas realizados ao longo dos<br \/>\n\u00faltimos anos destinados a desenvolver a Media\u00e7\u00e3o no Brasil v\u00eam protagonizando a<br \/>\nmudan\u00e7a da cultura da senten\u00e7a para a cultura da pacifica\u00e7\u00e3o social no cen\u00e1rio<br \/>\nbrasileiro da gest\u00e3o de controv\u00e9rsias;<\/p>\n<p>Considerando que o recente marco legal da Media\u00e7\u00e3o (lei 13.140\/15) e as<br \/>\ndisposi\u00e7\u00f5es do C\u00f3digo de Processo Civil atinentes \u00e0 mat\u00e9ria incentivam e<br \/>\nregulamentam a utiliza\u00e7\u00e3o da Media\u00e7\u00e3o de conflitos em \u00e2mbito judicial e<br \/>\nextrajudicial;<\/p>\n<p>Considerando que os procedimentos consensuais que objetivam compor conflitos<br \/>\nde interesses fora do \u00e2mbito do Poder Judici\u00e1rio, de modo c\u00e9lere, simplificado,<br \/>\nseguro e econ\u00f4mico, t\u00eam proporcionado \u00e0 sociedade brasileira, facilita\u00e7\u00e3o no<br \/>\nacesso \u00e0 ordem jur\u00eddica justa, ou seja, tempestiva, adequada e eficaz e a amplia\u00e7\u00e3o<br \/>\ndo exerc\u00edcio da cidadania;<\/p>\n<p>E que o CONIMA \u2013 Conselho Nacional das Institui\u00e7\u00f5es de Media\u00e7\u00e3o e<br \/>\nArbitragem, entidade que congrega c\u00e2maras de Media\u00e7\u00e3o e Arbitragem do pa\u00eds e<br \/>\nprofissionais envolvidos com o tema, no uso das suas atribui\u00e7\u00f5es, objetiva<br \/>\ndisseminar a cultura dos MESCs (M\u00e9todos Extrajudiciais de Solu\u00e7\u00e3o de<br \/>\nControv\u00e9rsias) perante os cidad\u00e3os, governos e organiza\u00e7\u00f5es de classe, de maneira<br \/>\nintegrada e coordenada, visando a manuten\u00e7\u00e3o dos padr\u00f5es de qualidade e<br \/>\nefici\u00eancia dos procedimentos extrajudiciais de Media\u00e7\u00e3o e Arbitragem<br \/>\noperacionalizados no pa\u00eds;<\/p>\n<p>Resolve:<\/p>\n<p>Leia na \u00edntegra:\u00a0<a href=\"http:\/\/sdmediar.com.br\/site\/wp-content\/uploads\/2019\/02\/norteadores_boas_praticas_2017.pdf\">Norteador de Boa Pr\u00e1ticas em Media\u00e7\u00e3o &#8211; CONIMA<\/a><\/p>\n","protected":false},"excerpt":{"rendered":"<p>Norteador de Boas Pr\u00e1ticas em Media\u00e7\u00e3o &#8211; CONIMA Considerando que a Media\u00e7\u00e3o \u00e9 um meio autocompositivo de preven\u00e7\u00e3o e gest\u00e3o de controv\u00e9rsias pelo qual os envolvidos constroem o consenso que melhor atenda \u00e0s suas necessidades e interesses com o aux\u00edlio de um terceiro imparcial sem poder decis\u00f3rio, devidamente capacitado, o mediador, que escolhido pelas partes, [&hellip;]<\/p>\n","protected":false},"author":2,"featured_media":0,"parent":0,"menu_order":0,"comment_status":"closed","ping_status":"closed","template":"","meta":{"_joinchat":[],"footnotes":""},"_links":{"self":[{"href":"http:\/\/sdmediar.com.br\/site\/wp-json\/wp\/v2\/pages\/4029"}],"collection":[{"href":"http:\/\/sdmediar.com.br\/site\/wp-json\/wp\/v2\/pages"}],"about":[{"href":"http:\/\/sdmediar.com.br\/site\/wp-json\/wp\/v2\/types\/page"}],"author":[{"embeddable":true,"href":"http:\/\/sdmediar.com.br\/site\/wp-json\/wp\/v2\/users\/2"}],"replies":[{"embeddable":true,"href":"http:\/\/sdmediar.com.br\/site\/wp-json\/wp\/v2\/comments?post=4029"}],"version-history":[{"count":10,"href":"http:\/\/sdmediar.com.br\/site\/wp-json\/wp\/v2\/pages\/4029\/revisions"}],"predecessor-version":[{"id":4041,"href":"http:\/\/sdmediar.com.br\/site\/wp-json\/wp\/v2\/pages\/4029\/revisions\/4041"}],"wp:attachment":[{"href":"http:\/\/sdmediar.com.br\/site\/wp-json\/wp\/v2\/media?parent=4029"}],"curies":[{"name":"wp","href":"https:\/\/api.w.org\/{rel}","templated":true}]}}