{"id":4944,"date":"2021-05-02T15:48:11","date_gmt":"2021-05-02T18:48:11","guid":{"rendered":"http:\/\/sdmediar.com.br\/site\/?page_id=4944"},"modified":"2021-05-05T13:15:15","modified_gmt":"2021-05-05T16:15:15","slug":"comunicacao-nao-violenta-cnv","status":"publish","type":"page","link":"http:\/\/sdmediar.com.br\/site\/comunicacao-nao-violenta-cnv\/","title":{"rendered":"Comunica\u00e7\u00e3o n\u00e3o Violenta"},"content":{"rendered":"\n<div class=\"wp-block-image\"><figure class=\"aligncenter size-large is-resized\"><img loading=\"lazy\" decoding=\"async\" src=\"http:\/\/sdmediar.com.br\/site\/wp-content\/uploads\/2021\/05\/Flyer-Curso-de-Introdu\u00e7\u00e3o-\u00e0-Comunica\u00e7\u00e3o-n\u00e3o-Violenta-junho2021.jpg-sem-logo-do-Nupemec.jpg\" alt=\"\" class=\"wp-image-4983\" width=\"550\" height=\"550\"\/><\/figure><\/div>\n\n\n\n<div class=\"wp-block-image\"><figure class=\"aligncenter size-large is-resized\"><a href=\"https:\/\/forms.gle\/yWkMbrvAt9zqx1Mv6\"><img loading=\"lazy\" decoding=\"async\" src=\"http:\/\/sdmediar.com.br\/site\/wp-content\/uploads\/2021\/03\/botao-inscreva-3.jpg\" alt=\"\" class=\"wp-image-4826\" width=\"149\" height=\"50\"\/><\/a><\/figure><\/div>\n\n\n\n<p><strong>Curso de Introdu\u00e7\u00e3o \u00e0 Comunica\u00e7\u00e3o n\u00e3o Violenta &#8211; CNV<\/strong><\/p>\n\n\n\n<p><strong>Datas\/hor\u00e1rios<\/strong>: 8, 10, 17 e 22\/06\/2021,  das 19h \u00e0s 21h45 e 24\/06\/2021, das 19h \u00e0s 21h15, com intervalo de 15 minutos &#8211; <strong>5 encontros<\/strong><\/p>\n\n\n\n<p><strong>Local:<\/strong> Plataforma Zoom &#8211; Online &#8211; ao vivo!<\/p>\n\n\n\n<p><strong>Carga horaria: <\/strong>12 horas<\/p>\n\n\n\n<p><strong>Vagas limitadas: <\/strong>25 alunos!!!<\/p>\n\n\n\n<p><strong>P\u00fablico<\/strong>: mediadores, conciliadores, advogados, psic\u00f3logos, assistentes sociais, professores, engenheiros, administradores de empresas, bi\u00f3logos, pedagogos,  arquitetos e intessados no tema.<\/p>\n\n\n\n<p><strong>Objetivos Gerais:<\/strong> identificar e encontrar alternativas para as estuturas de comunica\u00e7\u00e3o que bloqueiam o entendimento, aprofundar a pr\u00e1tica da escuta, da empatia e da autempatia, desenvolver recursos e estrat\u00e9gias para lidar com conflitos .<\/p>\n\n\n\n<p><strong>Objetivos Espec\u00edficios:<\/strong> compreender as estuturas de rela\u00e7\u00f5es baseadas em poder com e poder sobre,   identificar e expressar sentimentos,  indetificar e nomear necessidades,  fazer pedidos claros e espec\u00edficos,  fazer aprecia\u00e7\u00e3o e dar feedback.<\/p>\n\n\n\n<p><strong>Coordenadora do curso:<\/strong> Silvana Dias<\/p>\n\n\n\n<p><strong>Docente:<\/strong><\/p>\n\n\n\n<figure class=\"wp-block-image size-large is-resized\"><img loading=\"lazy\" decoding=\"async\" src=\"http:\/\/sdmediar.com.br\/site\/wp-content\/uploads\/2021\/04\/IMG_4482.png\" alt=\"\" class=\"wp-image-4905\" width=\"97\" height=\"97\" srcset=\"http:\/\/sdmediar.com.br\/site\/wp-content\/uploads\/2021\/04\/IMG_4482.png 1000w, http:\/\/sdmediar.com.br\/site\/wp-content\/uploads\/2021\/04\/IMG_4482-300x300.png 300w, http:\/\/sdmediar.com.br\/site\/wp-content\/uploads\/2021\/04\/IMG_4482-150x150.png 150w, http:\/\/sdmediar.com.br\/site\/wp-content\/uploads\/2021\/04\/IMG_4482-768x768.png 768w\" sizes=\"(max-width: 97px) 100vw, 97px\" \/><\/figure>\n\n\n\n<p><strong>Marina De Martino Roberto&nbsp;<\/strong>\u2013 Educadora, formada em Letras, atualmente cursando gradua\u00e7\u00e3o em Pedagogia com foco em educa\u00e7\u00e3o democr\u00e1tica. Especialista em Arteterapia Junguiana pela UNIP. Cocriadora da Comunidade Dedo Verde, casa\/empresa colaborativa com base nos princ\u00edpios da Comunica\u00e7\u00e3o N\u00e3o-Violenta. Estudante, praticante e facilitadora de grupos de Comunica\u00e7\u00e3o N\u00e3o-Violenta h\u00e1 8 anos, tendo participado de diversos cursos no Brasil e na Europa. Facilitadora de C\u00edrculos de Justi\u00e7a Restaurativa formada pelo CEDHEP (Centro de Direitos Humanos e Educa\u00e7\u00e3o Popular do Campo Limpo).Facilitadora de cursos, palestras, viv\u00eancias e treinamentos de Comunica\u00e7\u00e3o N\u00e3o-Violenta, Justi\u00e7a Restaurativa e Coopera\u00e7\u00e3o em diversas institui\u00e7\u00f5es p\u00fablicas e privadas. <\/p>\n\n\n\n<p><strong>Programa\u00e7\u00e3o:<\/strong><\/p>\n\n\n\n<p> 1 &#8211; O que \u00e9 a CNV, rela\u00e7\u00e3o de poder com x poder sobre, a comunica\u00e7\u00e3o que bloqueia a compaix\u00e3o<\/p>\n\n\n\n<p>2 &#8211; Necessidades, sentimentos e pseudo-sentimentos<\/p>\n\n\n\n<p>3 &#8211; Diferen\u00e7a entre interpreta\u00e7\u00e3o e observa\u00e7\u00e3o<\/p>\n\n\n\n<p>4 &#8211; Pedidos claros e espec\u00edficos, coopera\u00e7\u00e3o e resolu\u00e7\u00e3o de problemas<\/p>\n\n\n\n<p>5 &#8211; Aprecia\u00e7\u00e3o, gratid\u00e3o e feedback <\/p>\n\n\n\n<p><strong>Inscri\u00e7\u00e3o:<\/strong>&nbsp;o (a) aluno (a) dever\u00e1 clicar no bot\u00e3o inscri\u00e7\u00e3o, voc\u00ea ser\u00e1 redirecionado para preencher o formul\u00e1rio de inscri\u00e7\u00e3o, ap\u00f3s escolher a formar de pagamento clicar em enviar o formul\u00e1rio. Ap\u00f3s efetuar o pagamento de acordo com a sua escolha. <\/p>\n\n\n\n<p><strong>Investimento<\/strong>:<\/p>\n\n\n\n<p>1. <strong>R$ 268,00<\/strong>&nbsp;(duzentos e sessenta e oito reais). Ap\u00f3s preencher o formul\u00e1rio de inscri\u00e7\u00e3o, o aluno que escolher a op\u00e7\u00e3o pagamento parcelado em<strong>&nbsp;4 parcelas&nbsp;iguais <\/strong>de&nbsp;<strong>R$ 67,00&nbsp;<\/strong>(sessenta e sete reais), cada,&nbsp;&nbsp;<strong>somente no cart\u00e3o de cr\u00e9dito (pagseguro)<\/strong>;&nbsp;&nbsp;<strong>*consultar o cart\u00e3o sobre os juros no caso de mais parcelas<\/strong>.          <\/p>\n\n\n\n<p> 2. <strong>R$ 241,20 <\/strong>(duzentos e quarenta e um reais e vinte centavos). Ap\u00f3s preencher o formul\u00e1rio de inscri\u00e7\u00e3o, o aluno que escolher a op\u00e7\u00e3o <strong>pagamento \u00e0 vista com desconto<\/strong> <strong>de 10<\/strong>% dever\u00e1 efetuar o pagamento, mediante dep\u00f3sito ou transfer\u00eancia ou PIX diretamente na conta da SD Mediar Solu\u00e7\u00e3o de Conflitos e encaminhar o comprovante de dep\u00f3sito para confirmar o pagamento da inscri\u00e7\u00e3o para o e-mail: contato@sdmediar.com.br.<\/p>\n\n\n\n<p><strong>Registro da Frequ\u00eancia:<\/strong>&nbsp;Durante as aulas o (a) aluno (a) dever\u00e1 ficar com a c\u00e2mera ligada desde o in\u00edcio da aula at\u00e9 o t\u00e9rmino, ou seja: das 19h at\u00e9 as 21h45, com exce\u00e7\u00e3o do intervalo das 20h15 \u00e0s 20h30, para tanto, o aluno dever\u00e1 ter uma webcam funcionando em um tablet, laptop o computador desktop, ter uma conex\u00e3o de internet forte e confi\u00e1vel suficiente para usar v\u00eddeo e \u00e1udio. Ser\u00e3o disponibilizadas 2 (duas) listas de presen\u00e7a, uma na primeira parte da aula e a outra na 2a parte da aula.<\/p>\n\n\n\n<p><strong>Frequ\u00eancia e Certificado Digital:&nbsp;<\/strong>Ser\u00e1 emitido certificado digital aos alunos que tiverem<strong>&nbsp;75% (setenta e cinco por cento) de frequ\u00eancia<\/strong>&nbsp;e entrega de trabalho escrito, o qual consiste em em elaborar um texto com reflex\u00e3o nas perguntas apresentadas, no m\u00e1ximo 2 laudas.<\/p>\n\n\n\n<p><strong>Link para acesso as aulas:<\/strong>&nbsp;O (a) aluno (a) receber\u00e1 por e-mail 1(um) dia antes da aula, o link para acesso a plataforma zoom. \u00c9 recomend\u00e1vel que o (a) aluno (a) ingresse na sala de aula virtual com 10 minutos de anteced\u00eancia do in\u00edcio da aula que ocorrer\u00e1 pontualmente \u00e0s 19h. <\/p>\n\n\n\n<p><strong>Material digital:<\/strong>&nbsp;O power-point com a apresenta\u00e7\u00e3o da aula do professor, mediante autoriza\u00e7\u00e3o, ser\u00e1 disponibilizada aos alunos. N\u00e3o ser\u00e1 permitido fotografar ou gravar a aula.<\/p>\n\n\n\n<p><strong>Cancelamento ou desist\u00eancia do Curso<\/strong><\/p>\n\n\n\n<p>Depois de inscrito (a), o(a) aluno (a) somente poder\u00e1 desistir do curso e cancelar sua participa\u00e7\u00e3o, segundo as regras descritas abaixo:<\/p>\n\n\n\n<p class=\"has-normal-font-size\">1\u2013 Ao cancelar a inscri\u00e7\u00e3o no curso, com at\u00e9 10(dez) dias antes do in\u00edcio do curso, o aluno receber\u00e1 reembolso integral do pagamento j\u00e1 efetuado, abatidos impostos decorrentes de emiss\u00e3o de nota fiscal, taxas do banco e cart\u00e3o de cr\u00e9dito\/d\u00e9bito.<\/p>\n\n\n\n<p class=\"has-normal-font-size\">2\u2013 Com at\u00e9 5 (cinco) dias antes do in\u00edcio do curso, o reembolso ser\u00e1 de 70% do valor pago referente ao valor do curso, abatidos impostos decorrentes de emiss\u00e3o de nota fiscal, taxas do banco e cart\u00e3o de cr\u00e9dito\/d\u00e9bito.<\/p>\n\n\n\n<p>3\u2013 A partir das \u00faltimas 48 horas que antecedem o in\u00edcio do curso n\u00e3o haver\u00e1 restitui\u00e7\u00e3o de valores, mas o aluno poder\u00e1 indicar outra pessoa para assistir ao curso em seu lugar. Lembramos que as vagas s\u00e3o limitadas e a eventual desist\u00eancia de \u00faltima hora dificultar\u00e1 a oferta da vaga para novos alunos.<\/p>\n\n\n\n<p>4\u2013 O n\u00e3o comparecimento do aluno \u00e0s aulas n\u00e3o exime o aluno do pagamento.<\/p>\n\n\n\n<p>5- Para efetuar a desist\u00eancia e cancelamento do curso, o (a) aluno (a) dever\u00e1 entrar em contato exclusivamente por e-mail: cursos@sdmediar.com.br, identificando no assunto: DESIST\u00caNCIA, formalizando o pedido. N\u00e3o ser\u00e1 aceita nenhuma outra forma de comunica\u00e7\u00e3o para Desist\u00eancia e Cancelamento.<\/p>\n\n\n\n<p><strong>Cancelamento ou desist\u00eancia do Curso<\/strong><\/p>\n\n\n\n<p>Depois de inscrito (a), o(a) aluno (a) somente poder\u00e1 desistir do curso e cancelar sua participa\u00e7\u00e3o, segundo as regras descritas abaixo:<\/p>\n\n\n\n<p>1\u2013 Ao cancelar a inscri\u00e7\u00e3o no curso, com at\u00e9 10(dez) dias antes do in\u00edcio do curso, o aluno receber\u00e1 reembolso integral do pagamento j\u00e1 efetuado, abatidos impostos decorrentes de emiss\u00e3o de nota fiscal, taxas do banco e cart\u00e3o de cr\u00e9dito\/d\u00e9bito.<\/p>\n\n\n\n<p>2\u2013 Com at\u00e9 5 (cinco) dias antes do in\u00edcio do curso, o reembolso ser\u00e1 de 70% do valor pago referente ao valor do curso, abatidos impostos decorrentes de emiss\u00e3o de nota fiscal, taxas do banco e cart\u00e3o de cr\u00e9dito\/d\u00e9bito.<\/p>\n\n\n\n<p>3\u2013 A partir das \u00faltimas 48 horas que antecedem o in\u00edcio do curso n\u00e3o haver\u00e1 restitui\u00e7\u00e3o de valores, mas o aluno poder\u00e1 indicar outra pessoa para assistir ao curso em seu lugar. Lembramos que as vagas s\u00e3o limitadas e a eventual desist\u00eancia de \u00faltima hora dificultar\u00e1 a oferta da vaga para novos alunos.<\/p>\n\n\n\n<p>4\u2013 O n\u00e3o comparecimento do aluno \u00e0s aulas n\u00e3o exime o aluno do pagamento.<\/p>\n\n\n\n<p>5- Para efetuar a desist\u00eancia e cancelamento do curso, o (a) aluno (a) dever\u00e1 entrar em contato exclusivamente por e-mail: cursos@sdmediar.com.br, identificando no assunto: DESIST\u00caNCIA, formalizando o pedido. N\u00e3o ser\u00e1 aceita nenhuma outra forma de comunica\u00e7\u00e3o para Desist\u00eancia e Cancelamento.<\/p>\n\n\n\n<p><strong>ADIAMENTO E CANCELAMENTO DE CURSO<\/strong><\/p>\n\n\n\n<p>1\u2013 Em situa\u00e7\u00f5es excepcionais ou no caso do curso n\u00e3o atingir o n\u00famero&nbsp;<strong>m\u00ednimo de inscri\u00e7\u00f5es (15 alunos)<\/strong>, a SD Mediar Solu\u00e7\u00e3o de Conflitos poder\u00e1 ADIAR ou CANCELAR o curso (o que pode acontecer at\u00e9 7 dias antes do seu in\u00edcio). Neste caso, a SD Mediar se compromete a informar aos inscritos por e-mail e\/ou por telefone.<br>2\u2013 Nesses casos o aluno receber\u00e1 o reembolso integral do valor pago, sem dedu\u00e7\u00e3o das taxas e impostos.<\/p>\n\n\n\n<p><strong>REGISTRO DE IMAGENS (FOTOS E V\u00cdDEOS) E DEPOIMENTOS NO CURSO<\/strong><\/p>\n\n\n\n<p>O(a) aluno(a) autoriza a divulga\u00e7\u00e3o de seu e-mail entre os alunos de sua classe, para que sejam feitas intera\u00e7\u00f5es entre os colegas do curso.<\/p>\n\n\n\n<p>O(a)&nbsp;aluno(a) autoriza \u00e0 SD Mediar, por tempo indeterminado e gratuitamente, a utilizar sua imagem para divulgar aulas nas fotos ou v\u00eddeos, em todas as m\u00eddias atuais, sem exce\u00e7\u00e3o, ou que possam, no futuro, ser implementadas.<\/p>\n","protected":false},"excerpt":{"rendered":"<p>Curso de Introdu\u00e7\u00e3o \u00e0 Comunica\u00e7\u00e3o n\u00e3o Violenta &#8211; CNV Datas\/hor\u00e1rios: 8, 10, 17 e 22\/06\/2021, das 19h \u00e0s 21h45 e 24\/06\/2021, das 19h \u00e0s 21h15, com intervalo de 15 minutos &#8211; 5 encontros Local: Plataforma Zoom &#8211; Online &#8211; ao vivo! Carga horaria: 12 horas Vagas limitadas: 25 alunos!!! P\u00fablico: mediadores, conciliadores, advogados, psic\u00f3logos, assistentes [&hellip;]<\/p>\n","protected":false},"author":2,"featured_media":0,"parent":0,"menu_order":0,"comment_status":"closed","ping_status":"closed","template":"","meta":{"_joinchat":[],"footnotes":""},"_links":{"self":[{"href":"http:\/\/sdmediar.com.br\/site\/wp-json\/wp\/v2\/pages\/4944"}],"collection":[{"href":"http:\/\/sdmediar.com.br\/site\/wp-json\/wp\/v2\/pages"}],"about":[{"href":"http:\/\/sdmediar.com.br\/site\/wp-json\/wp\/v2\/types\/page"}],"author":[{"embeddable":true,"href":"http:\/\/sdmediar.com.br\/site\/wp-json\/wp\/v2\/users\/2"}],"replies":[{"embeddable":true,"href":"http:\/\/sdmediar.com.br\/site\/wp-json\/wp\/v2\/comments?post=4944"}],"version-history":[{"count":34,"href":"http:\/\/sdmediar.com.br\/site\/wp-json\/wp\/v2\/pages\/4944\/revisions"}],"predecessor-version":[{"id":5036,"href":"http:\/\/sdmediar.com.br\/site\/wp-json\/wp\/v2\/pages\/4944\/revisions\/5036"}],"wp:attachment":[{"href":"http:\/\/sdmediar.com.br\/site\/wp-json\/wp\/v2\/media?parent=4944"}],"curies":[{"name":"wp","href":"https:\/\/api.w.org\/{rel}","templated":true}]}}