{"id":896,"date":"2015-12-15T22:38:00","date_gmt":"2015-12-16T00:38:00","guid":{"rendered":"http:\/\/sdmediar.com.br\/site\/?page_id=896"},"modified":"2021-08-19T17:54:00","modified_gmt":"2021-08-19T20:54:00","slug":"capacitacao-de-mediadores-conciliadores","status":"publish","type":"page","link":"http:\/\/sdmediar.com.br\/site\/capacitacao-de-mediadores-conciliadores\/","title":{"rendered":"Curso de Capacita\u00e7\u00e3o de Mediadores e Conciliadores"},"content":{"rendered":"\n<div class=\"wp-block-image\"><figure class=\"aligncenter size-large is-resized\"><img loading=\"lazy\" decoding=\"async\" src=\"http:\/\/sdmediar.com.br\/site\/wp-content\/uploads\/2021\/08\/Curso-de-capacita\u00e7\u00e3o-de-mediadores-e-conciliadores-judiciais-e-extrajudiciais-set-e-out2021-724x1024.jpg\" alt=\"\" class=\"wp-image-5138\" width=\"580\" height=\"798\"\/><\/figure><\/div>\n\n\n\n<div class=\"wp-block-image\"><figure class=\"aligncenter size-large is-resized\"><a href=\"https:\/\/forms.gle\/m3mp2DaTDwoJ8QiEA\"><img loading=\"lazy\" decoding=\"async\" src=\"http:\/\/sdmediar.com.br\/site\/wp-content\/uploads\/2021\/03\/botao-inscreva-2.jpg\" alt=\"\" width=\"166\" height=\"55\"\/><\/a><\/figure><\/div>\n\n\n<p><strong>Curso de Capacita\u00e7\u00e3o de Mediadores e Conciliadores Judiciais e Extrajudiciais<\/strong><\/p>\n<p><strong>Datas:<\/strong> 25 de setembro, 02, 09, 16, 23 e 30 de outubro de 2021 (aos s\u00e1bados &#8211; 6 encontros) &#8211; <strong><span style=\"color: #ff0000;\">Presencial!<\/span><\/strong><\/p>\n<p><strong>Hor\u00e1rio<\/strong>: das 8h30 \u00e0s 17h30 &#8211; com intervalo de 1 hora de almo\u00e7o<\/p>\n<p><strong>Local do curso: <\/strong>Vila Mariana\/S\u00e3o Paulo<\/p>\n<p>Vagas limitadas!<\/p>\n<p><strong>Coordenadora do Curso:<\/strong> Silvana Dias<\/p>\n<p><strong>Est\u00e1gio Supervisionado<\/strong>: Supervisoras: Silvana Dias, Val\u00e9ria Pereira Couto Hoefler e M\u00e1rcia Santos Nogueira Andreani<\/p>\n<p><span style=\"color: #076db5;\">contato@sdmediar.com.br &#8211;\u00a0 celular: 11 98970-6204 (claro) ou 11 2352-1967<\/span><\/p>\n<h4 style=\"text-align: justify;\"><strong><span style=\"color: #000000;\">Docentes<\/span><a title=\"Corpo Docente Convidado\" href=\"http:\/\/sdmediar.com.br\/site\/docentes\/\" target=\"_blank\" rel=\"noopener noreferrer\"><span style=\"color: #000000;\">:<\/span> clique aqui<\/a><\/strong><\/h4>\n<p style=\"text-align: justify;\"><strong>II \u2013 CONDI\u00c7\u00d5ES GERAIS<\/strong><\/p>\n<p><strong>a) Investimento:<\/strong><\/p>\n<p class=\"espaco-entre-caps\" style=\"text-align: justify;\"><strong>1) R$ 1.500,00<\/strong> (um mil e quinhentos reais) <strong>\u00e0 vista (j\u00e1 com desconto)<\/strong> &#8211; inscri\u00e7\u00f5es <strong>a partir de 16\/08\/2021 at\u00e9 17\/09\/2021<\/strong><b>, <\/b>mediante dep\u00f3sito, ou transfer\u00eancia ou PIX na conta da SD Mediar. Enviar o comprovante de dep\u00f3sito para confirmar a inscri\u00e7\u00e3o no e-mail: contato@sdmediar.com.br .\u00a0<\/p>\n<p class=\"espaco-entre-caps\" style=\"text-align: justify;\"><strong>2) R$ 1.750,00<\/strong> (um mil e setecentos e cinquenta reais) <strong>pagamento parcelado<\/strong>, a<strong> 1a. parcela de R$ 437,50<\/strong> mediante dep\u00f3sito em conta da SD Mediar Solu\u00e7\u00e3o de Conflitos SS Ltda., a<strong> partir de 16\/08\/2021 at\u00e9 17\/09\/2021. <\/strong>O restante de R$ 1.312,50 (um mil e trezentos e doze reais e cinquenta centavos) em<strong> 3 parcelas iguais de R$ 437,50<\/strong>, cada,\u00a0 <strong>no cart\u00e3o de cr\u00e9dito no 1o dia de aula, dia 25\/09\/2021.<\/strong>\u00a0Enviar o comprovante de dep\u00f3sito da 1a parcela para confirmar a inscri\u00e7\u00e3o no e-mail: contato@sdmediar.com.br .\u00a0<\/p>\n<p><strong>3) R$ 1.876,84<\/strong> (um mil oitocentos e setenta e seis reais e oitenta e quatro reais), inscri\u00e7\u00f5es a <strong>partir de 16\/08\/2021 at\u00e9 17\/09\/2021<\/strong>, sendo a <strong>1a parcela de R$ 437,50<\/strong> (quatrocentos e\u00a0 trinta e sete reais e cinquenta centavos), mediante dep\u00f3sito ou PIX na conta corrente da SD Mediar Solu\u00e7\u00e3o de Conflitos Ltda. O restante de <strong>R$ 1.439,34<\/strong> (um mil e quatrocentos e trinta e nove reais e trinta e quatro centavos) em <strong>6 parcelas iguais de R$ 239,89<\/strong> (duzentos e trinta e nove reais e oitenta e nove centavos), cada, <strong>no cart\u00e3o de cr\u00e9dito no 1o dia de aula, dia 25\/09\/2021.<\/strong> Enviar o comprovante de dep\u00f3sito da 1a parcela para confirmar a inscri\u00e7\u00e3o no e-mail: contato@sdmediar.com.br .\u00a0<\/p>\n<h5 style=\"text-align: justify;\">\u00a0*<strong>Obs.: estacionamento e almo\u00e7o por conta do participante<\/strong><\/h5>\n<p style=\"text-align: justify;\"><strong>\u00a0<\/strong><strong>b)<\/strong> <strong>Inscri\u00e7\u00e3o<\/strong><\/p>\n<p style=\"text-align: justify;\">Pr\u00e9-requisito: primeiro preencher o formul\u00e1rio de inscri\u00e7\u00e3o com os dados pessoais e anexar c\u00f3pia do diploma da gradua\u00e7\u00e3o. Formul\u00e1rio preenchido e enviado, efetuar o pagamento que foi escolhido no formul\u00e1rio (\u00e0 vista ou parcelado). <strong>A efetiva\u00e7\u00e3o da inscri\u00e7\u00e3o nos cursos ser\u00e1 considerada ap\u00f3s o recebimento do formul\u00e1rio de inscri\u00e7\u00e3o e confirma\u00e7\u00e3o do pagamento.<\/strong><\/p>\n<p class=\"espaco-entre-caps\" style=\"text-align: justify;\"><strong>\u00a0<\/strong><strong>c) Cancelamento\u00a0e Desist\u00eancia\u00a0do Curso<\/strong><\/p>\n<p><strong>Depois de inscrito (a), o(a) aluno (a) somente poder\u00e1 desistir do curso e cancelar sua participa\u00e7\u00e3o, segundo as regras descritas abaixo:<\/strong><\/p>\n<p>1\u2013 Ao cancelar a inscri\u00e7\u00e3o no curso, com at\u00e9 10(dez) dias antes do in\u00edcio do curso, o aluno receber\u00e1 reembolso integral do pagamento j\u00e1 efetuado, abatidos impostos decorrentes de emiss\u00e3o de nota fiscal, taxas do banco e cart\u00e3o de cr\u00e9dito\/d\u00e9bito.<br \/>2\u2013 Com at\u00e9 5 (cinco) dias antes do in\u00edcio do curso, o reembolso ser\u00e1 de 70% do valor pago referente ao valor do curso, abatidos impostos decorrentes de emiss\u00e3o de nota fiscal, taxas do banco e cart\u00e3o de cr\u00e9dito\/d\u00e9bito.<br \/>3\u2013 A partir das \u00faltimas 48 horas que antecedem o in\u00edcio do curso n\u00e3o haver\u00e1 restitui\u00e7\u00e3o de valores, mas o aluno poder\u00e1 indicar outra pessoa para assistir ao curso em seu lugar. Lembramos que as vagas s\u00e3o limitadas e a eventual desist\u00eancia de \u00faltima hora dificultar\u00e1 a oferta da vaga para novos alunos.<br \/>4\u2013 O n\u00e3o comparecimento do aluno \u00e0s aulas n\u00e3o exime o aluno do pagamento.<br \/>5- Para efetuar a desist\u00eancia e cancelamento do curso, o (a) aluno (a) dever\u00e1 entrar em contato exclusivamente por e-mail: cursos@sdmediar.com.br, identificando no assunto: DESIST\u00caNCIA, formalizando o pedido. N\u00e3o ser\u00e1 aceita nenhuma outra forma de comunica\u00e7\u00e3o para Desist\u00eancia e Cancelamento.<\/p>\n<p><strong>ADIAMENTO E CANCELAMENTO DE CURSO<\/strong><\/p>\n<p>1\u2013 Em situa\u00e7\u00f5es excepcionais ou no caso do curso n\u00e3o atingir o n\u00famero m\u00ednimo de inscri\u00e7\u00f5es<strong> (15 alunos)<\/strong>, a SD Mediar Solu\u00e7\u00e3o de Conflitos poder\u00e1 ADIAR ou CANCELAR o curso (o que pode acontecer at\u00e9 7 dias antes do seu in\u00edcio). Neste caso, a SD Mediar se compromete a informar aos inscritos por e-mail e\/ou por telefone.<br \/>2\u2013 Nesses casos o aluno receber\u00e1 o reembolso integral do valor pago, sem dedu\u00e7\u00e3o das taxas e impostos.<\/p>\n<p><strong>REGISTRO DE IMAGENS (FOTOS E V\u00cdDEOS) E DEPOIMENTOS NO CURSO<\/strong><\/p>\n<p>O(a) aluno(a) autoriza a divulga\u00e7\u00e3o de seu e-mail entre os alunos de sua classe, para que sejam feitas intera\u00e7\u00f5es entre os colegas do curso.<\/p>\n<p>O(a)\u00a0aluno(a) autoriza \u00e0 SD Mediar, por tempo indeterminado e gratuitamente, a utilizar sua imagem para divulgar aulas nas fotos ou v\u00eddeos, em todas as m\u00eddias atuais, sem exce\u00e7\u00e3o, ou que possam, no futuro, ser implementadas.<\/p>\n<hr \/>\n<p>A SD Mediar Solu\u00e7\u00e3o de Conflitos como institui\u00e7\u00e3o formadora atendendo aos crit\u00e9rios definidos pela Resolu\u00e7\u00e3o n\u00ba 125, de 29 de novembro de 2010 e Emendas n\u00ba 1 e n\u00ba 2 do CNJ \u2013 Conselho Nacional de Justi\u00e7a, pela Resolu\u00e7\u00e3o n\u00ba 6, de 21 de novembro de 2016 e alterada pela Resolu\u00e7\u00e3o n\u00ba 3, de 7 de junho de 2017 da ENFAM \u2013 Escola Nacional de Forma\u00e7\u00e3o e Aperfei\u00e7oamento de Magistrados e pelo N\u00facleo Permanente de M\u00e9todos Consensuais de Solu\u00e7\u00e3o de Conflitos do Tribunal de Justi\u00e7a do Estado de S\u00e3o Paulo &#8211; NUPEMEC\/TJSP, sob o processo n. 2015\/00201855 e provimento CSM 2288\/2015, foi habilitada para realizar Curso de Capacita\u00e7\u00e3o de Mediadores e Conciliadores.<\/p>\n<p style=\"text-align: justify;\"><strong>A QUEM SE DESTINA: <\/strong>O curso destina-se a profissionais de todas as \u00e1reas do conhecimento, especialmente aqueles que atuam, direta ou indiretamente, em atividades que envolvam rela\u00e7\u00f5es humanas e que pretendam ampliar suas ferramentas para lidar com situa\u00e7\u00f5es de impasse, compreender a din\u00e2mica dos conflitos e conduzir os envolvidos a uma solu\u00e7\u00e3o que atenda os interesses de todos.<\/p>\n<p style=\"text-align: justify;\"><strong>OBJETIVO GERAL:\u00a0<\/strong>Capacitar os participantes para atua\u00e7\u00e3o como conciliadores e mediadores judiciais, com aprofundamento na tem\u00e1tica e em conson\u00e2ncia com a Resolu\u00e7\u00e3o n. 125 do Conselho Nacional de Justi\u00e7a, emendas n. 1 e 2, o novo CPC, a Lei 13.140\/2015, Provimento CSM \u00a02348\/2016 do TJSP e Resolu\u00e7\u00e3o n. 225\/2016 do CNJ sobre Justi\u00e7a Restaurativa. Conscientiza\u00e7\u00e3o sobre a pol\u00edtica p\u00fablica de tratamento adequado de conflitos.<\/p>\n<p style=\"text-align: justify;\"><strong>I &#8211; Desenvolvimento do curso:<\/strong><\/p>\n<p style=\"text-align: justify;\">O curso \u00e9 dividido em duas etapas:<\/p>\n<p style=\"text-align: justify;\">1) Parte Te\u00f3rica = 48h<br \/>2) Parte Pr\u00e1tica (Est\u00e1gio Supervisionado) = 60h at\u00e9 100h, dependendo do desempenho do aluno (a)<\/p>\n<p style=\"text-align: justify;\"><strong>1. Parte Te\u00f3rica<\/strong><\/p>\n<p style=\"text-align: justify;\">Temas desenvolvido\u00a0pelos professores, e indicadas obras de leitura obrigat\u00f3ria de livros e textos, ligadas a concilia\u00e7\u00e3o, media\u00e7\u00e3o e arbitragem, com a realiza\u00e7\u00e3o de simula\u00e7\u00f5es pelos alunos.<\/p>\n<p style=\"text-align: justify;\"><strong>Conte\u00fado Program\u00e1tico:<\/strong><\/p>\n<p style=\"text-align: justify;\"><strong>1. Pol\u00edtica P\u00fablica de Tratamento Adequado de Conflitos<\/strong><br \/>Princ\u00edpios constitucionais: Princ\u00edpio do acesso \u00e0 justi\u00e7a. Princ\u00edpio da dignidade da pessoa humana. Cultura da Paz. Mudan\u00e7a de mentalidade, qualidade do servi\u00e7o de conciliadores e mediadores. Estrutura\u00e7\u00e3o: CNJ, N\u00facleo Permanente de M\u00e9todos Consensuais de Solu\u00e7\u00e3o de Conflitos e CEJUSCs. A audi\u00eancia de concilia\u00e7\u00e3o e media\u00e7\u00e3o do novo CPC. Capacita\u00e7\u00e3o e remunera\u00e7\u00e3o de conciliadores e mediadores.\u00a0<strong>2. Panorama hist\u00f3rico dos m\u00e9todos consensuais de solu\u00e7\u00e3o de conflitos.\u00a0<\/strong>Legisla\u00e7\u00e3o brasileira. Lei dos Juizados Especiais. Novo CPC. Lei de Media\u00e7\u00e3o. Resolu\u00e7\u00e3o n. 125\/2010, Emendas 1 e 2 do CNJ, Resolu\u00e7\u00e3o n. 50 CNJ, CSM Provimento 2348\/2016 do TJSP, Resolu\u00e7\u00e3o n. 225\/2016 e CSM Provimento 2416\/2017 do TJSP.\u00a0<strong>3.\u00a0Teoria da Comunica\u00e7\u00e3o e Teoria dos Jogos.\u00a0<\/strong><strong>3.1. Teoria da Comunica\u00e7\u00e3o.\u00a0<\/strong>Axioma da Comunica\u00e7\u00e3o. Comunica\u00e7\u00e3o verbal e n\u00e3o verbal. Escuta Ativa. Comunica\u00e7\u00e3o nas pautas de intera\u00e7\u00e3o e no estudo do inter-relacionamento humano: aspectos sociol\u00f3gicos e aspectos psicol\u00f3gicos. Premissas conceituais da autocomposi\u00e7\u00e3o. Comunica\u00e7\u00e3o n\u00e3o Violenta. <strong>3.2.<\/strong> Comunica\u00e7\u00e3o n\u00e3o Violenta. <strong>3.3. Teoria dos Jogos. <\/strong>Conceito, hist\u00f3rico e aplica\u00e7\u00e3o. O equil\u00edbrio de Nash. Competi\u00e7\u00e3o e coopera\u00e7\u00e3o. Teoria dos jogos e Media\u00e7\u00e3o.\u00a0<strong>4. Teoria do Conflito.\u00a0<\/strong>Conceito. No\u00e7\u00f5es gerais. O conflito como processo. Espiral do conflito. Processos construtivos e destrutivos. Percep\u00e7\u00f5es e rea\u00e7\u00f5es. Pir\u00e2mide de Maslow. Esp\u00e9cies de conflito: latente, manifesto, agressivo, colaborativo. Etapas ou fases do conflito. Conflito e poder. Conte\u00fado manifesto e conte\u00fado real.\u00a0<strong>5. Meios Adequados de Solu\u00e7\u00e3o de Conflitos (MASCs).\u00a0<\/strong><strong>5.1. Negocia\u00e7\u00e3o.\u00a0<\/strong>Conceito. Integra\u00e7\u00e3o e distribui\u00e7\u00e3o do valor das negocia\u00e7\u00f5es.\u00a0T\u00e9cnicas b\u00e1sicas de negocia\u00e7\u00e3o (a barganha de posi\u00e7\u00f5es; a barganha por princ\u00edpios: a separa\u00e7\u00e3o de pessoas de problemas; concentra\u00e7\u00e3o em interesses; desenvolvimento de op\u00e7\u00f5es de ganho m\u00fatuo; crit\u00e9rios objetivos; melhor alternativa para acordos negociados).\u00a0T\u00e9cnicas intermedi\u00e1rias de negocia\u00e7\u00e3o (estrat\u00e9gias de estabelecimento de rapport; transforma\u00e7\u00e3o de advers\u00e1rios em parceiros; comunica\u00e7\u00e3o efetiva).\u00a0<strong>5.2. Concilia\u00e7\u00e3o.\u00a0<\/strong>Conceito e filosofia. Concilia\u00e7\u00e3o judicial e extrajudicial.\u00a0T\u00e9cnicas (recontextualiza\u00e7\u00e3o, identifica\u00e7\u00e3o das propostas impl\u00edcitas, afago, escuta ativa, espelhamento, produ\u00e7\u00e3o de op\u00e7\u00e3o, acondicionamento das quest\u00f5es e interesses das partes, teste de realidade).\u00a0Etapas (planejamento da sess\u00e3o, apresenta\u00e7\u00e3o ou abertura, esclarecimentos ou investiga\u00e7\u00e3o das propostas das partes, cria\u00e7\u00e3o de op\u00e7\u00f5es, escolha da op\u00e7\u00e3o, lavratura do acordo).\u00a0Finaliza\u00e7\u00e3o da concilia\u00e7\u00e3o &#8211; Formaliza\u00e7\u00e3o do acordo. Dados essenciais do termo de concilia\u00e7\u00e3o (qualifica\u00e7\u00e3o das partes, n\u00famero de identifica\u00e7\u00e3o, natureza do conflito&#8230;). Reda\u00e7\u00e3o do acordo: requisitos m\u00ednimos e exequibilidade. Encaminhamentos e estat\u00edstica.\u00a0<strong>5.3. Media\u00e7\u00e3o.\u00a0<\/strong>Defini\u00e7\u00e3o e conceitualiza\u00e7\u00e3o. Conceito e filosofia. Media\u00e7\u00e3o judicial e extrajudicial, pr\u00e9via e incidental.\u00a0As escolas e\/ou modelos da media\u00e7\u00e3o. Tradicional linear de Harvard; Transformativo; Circular Narrativo e Avaliativo.\u00a0Etapas \u2013 Pr\u00e9-media\u00e7\u00e3o e Media\u00e7\u00e3o propriamente dita (acolhida, declara\u00e7\u00e3o inicial das partes, planejamento, esclarecimentos dos interesses ocultos e negocia\u00e7\u00e3o do acordo).\u00a0T\u00e9cnicas ou ferramentas (comedia\u00e7\u00e3o, recontextualiza\u00e7\u00e3o, identifica\u00e7\u00e3o das propostas impl\u00edcitas, formas de perguntas, escuta ativa, produ\u00e7\u00e3o de op\u00e7\u00e3o, acondicionamento das quest\u00f5es e interesses das partes, teste de realidade ou reflex\u00e3o).\u00a0<strong>5.4. Arbitragem.\u00a0<\/strong>Conceito. Caracter\u00edsticas. Princ\u00edpios. Hist\u00f3rico. Categorias. Modalidades. Conven\u00e7\u00e3o Arbitral. \u00c1rbitros. Senten\u00e7a Arbitral. Legisla\u00e7\u00e3o. Atualidades. Conclus\u00f5es e Diretrizes positivas.\u00a0<strong>6. \u00c1reas de utiliza\u00e7\u00e3o da Concilia\u00e7\u00e3o\/Media\u00e7\u00e3o: <\/strong>Condominial. Consumidor. Empresarial. Familiar. <strong>7.<\/strong> Justi\u00e7a Restaurativa e C\u00edrculos Restaurativos <strong>8. Constela\u00e7\u00e3o Familiar. 9. Interdisciplinaridade da media\u00e7\u00e3o. <\/strong>Conceitos das diferentes \u00e1reas do conhecimento que sustentam a pr\u00e1tica: sociologia, psicologia, antropologia e direito. <strong>10. O papel do conciliador\/mediador e sua rela\u00e7\u00e3o com os envolvidos (ou agentes) na concilia\u00e7\u00e3o e na media\u00e7\u00e3o.\u00a0<\/strong>Os operadores do direito (o magistrado, o promotor, o advogado, o defensor p\u00fablico, etc.) e a concilia\u00e7\u00e3o\/media\u00e7\u00e3o. T\u00e9cnicas para estimular advogados a atuarem de forma eficiente na concilia\u00e7\u00e3o\/media\u00e7\u00e3o. Contornando as dificuldades: situa\u00e7\u00f5es de desequil\u00edbrio, descontrole emocional, embriaguez, desrespeito. <strong>11. \u00c9tica de conciliadores e mediadores.\u00a0<\/strong>O terceiro facilitador: fun\u00e7\u00f5es, postura, atribui\u00e7\u00f5es, limites de atua\u00e7\u00e3o.\u00a0C\u00f3digo de \u00c9tica \u2013 Resolu\u00e7\u00e3o CNJ n\u00ba 125\/2010 \u00c9tica de conciliadores e mediadores.\u00a0<strong>12.<\/strong>\u00a0<strong>Metodologia:<\/strong>\u00a0Aulas presenciais, interativas e expositivas, com exerc\u00edcios, simula\u00e7\u00e3o de casos, v\u00eddeos e filmes espec\u00edficos.\u00a0\u00a0<b>1.2 Frequ\u00eancia e Certifica\u00e7\u00e3o.\u00a0<\/b>A frequ\u00eancia exigida para a aprova\u00e7\u00e3o na Parte Te\u00f3rica \u00e9 de 100% (cem por cento) e, para a avalia\u00e7\u00e3o do aproveitamento, o aluno entregar\u00e1 o relat\u00f3rio ao final da parte te\u00f3rica. Assim, cumpridos os dois requisitos &#8211; frequ\u00eancia e apresenta\u00e7\u00e3o de relat\u00f3rio, iniciar\u00e1 a Parte Pr\u00e1tica (est\u00e1gio supervisionado).\u00a0<strong>2. Parte Pr\u00e1tica \u2013 Est\u00e1gio Supervisionado.\u00a0<\/strong>Nessa parte pr\u00e1tica, o aluno aplicar\u00e1 o aprendizado te\u00f3rico em casos reais como: a) observador concilia\u00e7\u00e3o (20 horas\u00a0+ relat\u00f3rios); \u00a0b) observador media\u00e7\u00e3o (20h + relat\u00f3rios); c) coconcilia\u00e7\u00e3o (5h + relat\u00f3rios); d) comedia\u00e7\u00e3o (5h + relat\u00f3rios); e) concilia\u00e7\u00e3o (5h + relat\u00f3rios) e f) media\u00e7\u00e3o (5h + relat\u00f3rios).\u00a0Esses relat\u00f3rios ser\u00e3o acompanhados pelo Supervisor do Est\u00e1gio.\u00a0Ao final de cada sess\u00e3o, apresentar\u00e1 relat\u00f3rio do trabalho realizado, nele lan\u00e7ando suas impress\u00f5es e coment\u00e1rios, relativos \u00e0 utiliza\u00e7\u00e3o das t\u00e9cnicas aprendidas e aplicadas, bem como a identifica\u00e7\u00e3o de quest\u00f5es, interesses, sentimentos, gera\u00e7\u00e3o de op\u00e7\u00f5es e alternativas. Essa etapa \u00e9 imprescind\u00edvel para a obten\u00e7\u00e3o do certificado de conclus\u00e3o do curso, que habilita o mediador ou conciliador a atuar perante o Poder Judici\u00e1rio.\u00a0<strong>2.1. Carga Hor\u00e1ria.\u00a0<\/strong>O m\u00ednimo exigido para essa parte pr\u00e1tica \u00e9 de 60 (sessenta) a 100 (cem) horas de atendimento de casos reais no Cejusc.<strong> Prazo de 6 meses para cumprimento do est\u00e1gio supervisionado, a contar a partir do t\u00e9rmino da parte te\u00f3rica.<\/strong>\u00a0<strong>2.2 Certifica\u00e7\u00e3o.\u00a0<\/strong>Ap\u00f3s a entrega dos relat\u00f3rios referentes a todas as sess\u00f5es das quais o aluno participou e, cumprido o n\u00famero m\u00ednimo de horas estabelecido no item 2.1 acima, e os relat\u00f3rios se adequados ser\u00e3o emitidos <strong>Certificado de Conclus\u00e3o do Curso de Capacita\u00e7\u00e3o de Mediadores e Conciliadores.<\/strong>\u00a0<strong>Vagas limitadas<\/strong>: 20. <strong>CORPO DOCENTE: <\/strong>Ju\u00edzes ou desembargadores &#8211; Membros do N\u00facleo Permanente de M\u00e9todos Consensuais de Solu\u00e7\u00e3o de Conflitos-NUPEMEC\/TJSP, Instrutores do Conselho Nacional de Justi\u00e7a-CNJ, Conciliadores e Mediadores atuantes no Tribunal de Justi\u00e7a de S\u00e3o Paulo e professores especializados em media\u00e7\u00e3o, concilia\u00e7\u00e3o e arbitragem.<\/p>\n<p><span style=\"color: #ff0000;\">O certificado de capacita\u00e7\u00e3o dever\u00e1 ser feito conforme o cumprimento da gradua\u00e7\u00e3o do aluno:<\/span><\/p>\n<p style=\"text-align: justify;\"><strong>* &#8220;Mediador&#8221; ser graduado h\u00e1 pelo menos dois anos em curso de ensino superior reconhecido pelo MEC.<\/strong><\/p>\n<p>*\u00a0<strong>\u00a0\u201cConciliador\u201d se estiver cursando, pelo menos, o 3\u00ba ano ou 5\u00ba semestre da gradua\u00e7\u00e3o<\/strong><\/p>\n<p>O aluno dever\u00e1 apresentar o diploma ou comprovante da gradua\u00e7\u00e3o!<\/p>\n<p class=\"p1\" style=\"text-align: justify;\">\u00a0<\/p>\n\n","protected":false},"excerpt":{"rendered":"<p>Curso de Capacita\u00e7\u00e3o de Mediadores e Conciliadores Judiciais e Extrajudiciais Datas: 25 de setembro, 02, 09, 16, 23 e 30 de outubro de 2021 (aos s\u00e1bados &#8211; 6 encontros) &#8211; Presencial! Hor\u00e1rio: das 8h30 \u00e0s 17h30 &#8211; com intervalo de 1 hora de almo\u00e7o Local do curso: Vila Mariana\/S\u00e3o Paulo Vagas limitadas! Coordenadora do Curso: [&hellip;]<\/p>\n","protected":false},"author":2,"featured_media":0,"parent":0,"menu_order":0,"comment_status":"closed","ping_status":"closed","template":"","meta":{"_joinchat":[],"footnotes":""},"_links":{"self":[{"href":"http:\/\/sdmediar.com.br\/site\/wp-json\/wp\/v2\/pages\/896"}],"collection":[{"href":"http:\/\/sdmediar.com.br\/site\/wp-json\/wp\/v2\/pages"}],"about":[{"href":"http:\/\/sdmediar.com.br\/site\/wp-json\/wp\/v2\/types\/page"}],"author":[{"embeddable":true,"href":"http:\/\/sdmediar.com.br\/site\/wp-json\/wp\/v2\/users\/2"}],"replies":[{"embeddable":true,"href":"http:\/\/sdmediar.com.br\/site\/wp-json\/wp\/v2\/comments?post=896"}],"version-history":[{"count":462,"href":"http:\/\/sdmediar.com.br\/site\/wp-json\/wp\/v2\/pages\/896\/revisions"}],"predecessor-version":[{"id":5145,"href":"http:\/\/sdmediar.com.br\/site\/wp-json\/wp\/v2\/pages\/896\/revisions\/5145"}],"wp:attachment":[{"href":"http:\/\/sdmediar.com.br\/site\/wp-json\/wp\/v2\/media?parent=896"}],"curies":[{"name":"wp","href":"https:\/\/api.w.org\/{rel}","templated":true}]}}