{"id":912,"date":"2015-12-15T23:02:23","date_gmt":"2015-12-16T01:02:23","guid":{"rendered":"http:\/\/sdmediar.com.br\/site\/?page_id=912"},"modified":"2021-08-20T22:04:56","modified_gmt":"2021-08-21T01:04:56","slug":"docentes","status":"publish","type":"page","link":"http:\/\/sdmediar.com.br\/site\/docentes\/","title":{"rendered":"Docentes"},"content":{"rendered":"<p><strong>ANGELA MARIA GRIJ\u00d3 QUEIROZ MARTINS<\/strong><\/p>\n<p><img loading=\"lazy\" decoding=\"async\" class=\"alignleft wp-image-4458 size-thumbnail\" src=\"http:\/\/sdmediar.com.br\/site\/wp-content\/uploads\/2021\/01\/foto-docente-Angela-Grij\u00f3-SD-Mediar-150x150.png\" alt=\"\" width=\"150\" height=\"150\" srcset=\"http:\/\/sdmediar.com.br\/site\/wp-content\/uploads\/2021\/01\/foto-docente-Angela-Grij\u00f3-SD-Mediar-150x150.png 150w, http:\/\/sdmediar.com.br\/site\/wp-content\/uploads\/2021\/01\/foto-docente-Angela-Grij\u00f3-SD-Mediar-300x300.png 300w, http:\/\/sdmediar.com.br\/site\/wp-content\/uploads\/2021\/01\/foto-docente-Angela-Grij\u00f3-SD-Mediar-768x768.png 768w, http:\/\/sdmediar.com.br\/site\/wp-content\/uploads\/2021\/01\/foto-docente-Angela-Grij\u00f3-SD-Mediar.png 1000w\" sizes=\"(max-width: 150px) 100vw, 150px\" \/><\/p>\n<p style=\"text-align: justify;\">link lattes: <span style=\"color: #0000ff; text-decoration: underline;\">http:\/\/lattes.cnpq.br\/3721957506916083<\/span><\/p>\n<p style=\"text-align: justify;\">Minicurr\u00edculo: Graduada em Servi\u00e7o Social pela PUC\/SP. Graduada em Direito pela UNIFAI. P\u00f3s-Graduada em Direito Tribut\u00e1rio pela UNIFESP\/SP. P\u00f3s-Graduanda em Direito de Fam\u00edlia e das Sucess\u00f5es pela Faculdade LEGALE (2015\/2016). Capacita\u00e7\u00e3o, forma\u00e7\u00f5es e certifica\u00e7\u00f5es em Media\u00e7\u00e3o e Justi\u00e7a Restaurativa: Curso de Justi\u00e7a Restaurativa pela Escola Nacional de Socioeduca\u00e7\u00e3o em parceria com o Centro de Estudos Avan\u00e7ados de Governo e Administra\u00e7\u00e3o P\u00fablica da Universidade de Bras\u00edlia \u2013 CEAG\/UnB. Forma\u00e7\u00e3o de Instrutores em Media\u00e7\u00e3o Judicial CNJ &#8211; EPM. Forma\u00e7\u00e3o de Supervisor em Media\u00e7\u00e3o pelo Conselho Nacional de Justi\u00e7a \u2013 CNJ em Bras\u00edlia. Mediadora e Conciliadora Social capacitada pela PUC\/COGEAE. Forma\u00e7\u00e3o de Instrutores de Oficina de Div\u00f3rcio e Parentalidade pelo Conselho Nacional de Justi\u00e7a &#8211; CNJ. Capacitada em Fundamentos da Media\u00e7\u00e3o para a Defensoria P\u00fablica pela Escola Nacional de Media\u00e7\u00e3o e Concilia\u00e7\u00e3o &#8211; ENAM. Mediadora Comunit\u00e1ria capacitada pela Escola Nacional de Media\u00e7\u00e3o e Concilia\u00e7\u00e3o &#8211; ENAM. Capacitada em Resolu\u00e7\u00e3o de Conflitos para Representantes de Empresas pela Escola Nacional de Media\u00e7\u00e3o e Concilia\u00e7\u00e3o \u2013 ENAM. Mediadora Familiar capacitada pela Escola Paulista da Magistratura &#8211; EPM\/TJSP. Media\u00e7\u00e3o Judicial pelo N\u00facleo Permanente de M\u00e9todos de Solu\u00e7\u00e3o de Conflitos &#8211; NUPEMEC\/TJSP. Mediadora e Conciliadora capacitada pela Escola Paulista da Magistratura. Supervisora em Media\u00e7\u00e3o pelo CNJ. Expositora de Oficina de Pais e Filhos no Cejusc Central (desde 2014) e Cejusc Jabaquara-Sa\u00fade (desde mar\u00e7o\/2017). Mediadora habilitada no Conciliajud CNJ, NUPEMEC\/TJSP e Auxiliar de Justi\u00e7a TJSP. Mediadora Judicial e Conciliadora no Centro Judici\u00e1rio de Solu\u00e7\u00e3o de Conflitos e Cidadania &#8211; CEJUSC CENTRAL\/TJSP \u2013 Unidade: Barra Funda, UNINOVE (desde 2011) e Pace (2014 a 2016). Membro da Comiss\u00e3o de Media\u00e7\u00e3o da OAB\/SP 116a Subse\u00e7\u00e3o Jabaquara-Sa\u00fade. (2014 a 2016). Advogada, especialista em Direito Tribut\u00e1rio e Direito de Fam\u00edlia e Sucess\u00f5es. Advogada Dativa pelo Conv\u00eanio da Defensoria P\u00fablica Foro Regional do Jabaquara-Sa\u00fade (2014 a 2016).<\/p>\n<p style=\"text-align: left;\"><strong>Aula:<\/strong> Media\u00e7\u00e3o Familiar. Oficina de Parentalidade. \u00c9tica de Conciliadores e Mediadores.<\/p>\n<hr \/>\n<p><strong>CECI DE BRITO COSTA E SILVA<\/strong><\/p>\n<p>link lattes: <span style=\"color: #0000ff;\">http:\/\/lattes.cnpq.br\/9709186036302534 <\/span><\/p>\n<p>Minicurr\u00edculo &#8211; Advogada e aposentada do Tribunal de Justi\u00e7a de S\u00e3o Paulo. Bacharel em Direito pela Universidade de S\u00e3o Paulo. Especializa\u00e7\u00e3o em Direito Civil pela Universidade de S\u00e3o Paulo . Especializa\u00e7\u00e3o em M\u00e9todos Alternativos de Solu\u00e7\u00e3o de Conflitos pela Escola Paulista da Magistratura \u2013 EPM. Workshop Online A Arte e a T\u00e9cnica de fazer Perguntas na Media\u00e7\u00e3o pela M9GC Conflict Resolution Training. Curso A Arte de formular Perguntas pela ALGI Media\u00e7\u00e3o. Capacitada em Media\u00e7\u00e3o Familiar pela Escola Paulista da Magistratura \u2013 EPM. Capacitada em Media\u00e7\u00e3o Transformativa pelo Instituto de Media\u00e7\u00e3o e Arbitragem \u2013 IMAB em parceria com Pactum Cursos. Percep\u00e7\u00f5es Sist\u00eamicas: o despertar de uma nova consci\u00eancia jur\u00eddica pela Escola Paulista da Magistratura &#8211; EPM. Capacitada em Concilia\u00e7\u00e3o e Media\u00e7\u00e3o nas rela\u00e7\u00f5es de consumo pela Escola Paulista da Magistratura &#8211; EPM. A Pr\u00e1tica da Media\u00e7\u00e3o Familiar: Idosos em Situa\u00e7\u00e3o de Risco \u2013 SVMA\/UmaPaz. Capacitada em Media\u00e7\u00e3o e Concilia\u00e7\u00e3o pela Escola Paulista da Magistatura \u2013 EPM. Mediadora habilitada no Conciliajud CNJ, NUPEMEC\/TJSP e Auxiliar da Justi\u00e7a TJSP.\u00a0 Mediadora e Conciliadora Judicial volunt\u00e1ria junto ao CEJUSC do Foro Regional do Jabaquara. Expositora volunt\u00e1ria da Oficina de Div\u00f3rcio e Parentalidade, atuando junto ao CEJUSC do Foro Regional do Jabaquara. Facilitadora volunt\u00e1ria de C\u00edrculo Restaurativo junto ao N\u00facleo de Justi\u00e7a Restaurativa do F\u00f3rum Regional de Santo Amaro .<\/p>\n<p>Aula: Concilia\u00e7\u00e3o. Constela\u00e7\u00e3o Familiar.<\/p>\n<hr \/>\n<p><strong>M\u00c1RCIA SANTOS NOGUEIRA ANDREANI<\/strong><\/p>\n<p><img loading=\"lazy\" decoding=\"async\" class=\"alignleft wp-image-4461 size-thumbnail\" src=\"http:\/\/sdmediar.com.br\/site\/wp-content\/uploads\/2021\/01\/foto-docente-M\u00e1rcia-Nogueira-Andreani-SD-Mediar-150x150.png\" alt=\"\" width=\"150\" height=\"150\" srcset=\"http:\/\/sdmediar.com.br\/site\/wp-content\/uploads\/2021\/01\/foto-docente-M\u00e1rcia-Nogueira-Andreani-SD-Mediar-150x150.png 150w, http:\/\/sdmediar.com.br\/site\/wp-content\/uploads\/2021\/01\/foto-docente-M\u00e1rcia-Nogueira-Andreani-SD-Mediar-300x300.png 300w, http:\/\/sdmediar.com.br\/site\/wp-content\/uploads\/2021\/01\/foto-docente-M\u00e1rcia-Nogueira-Andreani-SD-Mediar-768x768.png 768w, http:\/\/sdmediar.com.br\/site\/wp-content\/uploads\/2021\/01\/foto-docente-M\u00e1rcia-Nogueira-Andreani-SD-Mediar.png 1000w\" sizes=\"(max-width: 150px) 100vw, 150px\" \/>link lattes:\u00a0<span style=\"color: #3366ff;\">http:\/\/lattes.cnpq.br\/2059149933595679<\/span><\/p>\n<p>Minicurr\u00edculo: Graduada em Direito pela Universidade Cruzeiro do Sul. 1o Curso de Extens\u00e3o Universit\u00e1ria &#8220;Media\u00e7\u00e3o Familiar&#8221; &#8211; Capital &#8211; EPM. Extens\u00e3o Universit\u00e1ria Capacita\u00e7\u00e3o em Concilia\u00e7\u00e3o Espec\u00edfico para \u00c1rea da Fam\u00edlia e Sucess\u00f5es &#8211; EPM . Capacita\u00e7\u00e3o, forma\u00e7\u00f5es e certifica\u00e7\u00f5es em Media\u00e7\u00e3o: Forma\u00e7\u00e3o de Supervisores de Media\u00e7\u00e3o e Concilia\u00e7\u00e3o &#8211; CAMCESP. Forma\u00e7\u00e3o de Supervisores em Media\u00e7\u00e3o pelo Conselho Nacional de Justi\u00e7a \u2013 CNJ em Bras\u00edlia. Media\u00e7\u00e3o Familiar: Idosos em Situa\u00e7\u00e3o de Risco &#8211; SVMA\/UmaPaz. Forma\u00e7\u00e3o de Instrutores em Media\u00e7\u00e3o Judicial &#8211; CNJ. Media\u00e7\u00e3o Judicial pelo N\u00facleo Permanente de M\u00e9todos de Solu\u00e7\u00e3o de Conflitos \u2013 NUPEMEC\/TJSP. Capacitada em Resolu\u00e7\u00e3o de Conflitos para Representantes de Empresas pela Escola Nacional de Media\u00e7\u00e3o e Concilia\u00e7\u00e3o \u2013 ENAM. Forma\u00e7\u00e3o de Prepostos em Media\u00e7\u00e3o e Concilia\u00e7\u00e3o pelo Conselho Nacional de Justi\u00e7a \u2013 CNJ em Bras\u00edlia. Forma\u00e7\u00e3o de Instrutores em Oficinas de Div\u00f3rcio e Parentalidade pelo Conselho Nacional de Justi\u00e7a \u2013 CNJ. 1o. Curso Mediadores e Conciliadores de acordo com a Resolu\u00e7\u00e3o n. 125\/2010 &#8211; M\u00f3dulo \u00danico &#8211; Capital &#8211; EPM. 1o. Curso Pr\u00e1tico de Media\u00e7\u00e3o e Concilia\u00e7\u00e3o &#8211; Resolu\u00e7\u00e3o n. 125\/2010 &#8211; EPM. M\u00f3dulo Complementar do Curso de Capacita\u00e7\u00e3o em Concilia\u00e7\u00e3o Espec\u00edfico para a \u00c1rea da Fam\u00edlia e das Sucess\u00f5es cumprindo as exig\u00eancias da Resolu\u00e7\u00e3o n. 125\/2010 &#8211; EPM. Supervisora em Media\u00e7\u00e3o\u00a0 \u2013 CNJ. Supervisora em Media\u00e7\u00e3o e Concilia\u00e7\u00e3o Cejusc Central &#8211; Unidade:Barra Funda (desde mar\u00e7o 2019). Expositora da Oficina de Pais e Filhos no Cejusc Central (ago\/2013 a dez\/2018). Mediadora habilitada no Conciliajud CNJ, NUPEMEC\/TJSP e Auxiliar da Justi\u00e7a TJSP. Mediadora Judicial e Conciliadora no Centro Judici\u00e1rio de Solu\u00e7\u00e3o de Conflitos &#8211; Cejusc Central\/TJSP \u2013 Unidade: Barra Funda (desde mar\u00e7o\/2013), Setor de Fam\u00edlia &#8211; 2o andar e 10a. Vara da Fam\u00edlia e Sucess\u00f5es do Foro Jo\u00e3o Mendes J\u00fanior. Mediadora Judicial na 2a Vara da Fam\u00edlia e Sucess\u00f5es do Foro Regional VII do Tatuap\u00e9.\u00a0 Mediadora Privada no Instituto de Media\u00e7\u00e3o LFG. Supervisora do Est\u00e1gio Pr\u00e1tico dos Cursos de Capacita\u00e7\u00e3o de Mediadores e Conciliadores &#8211; Resolu\u00e7\u00e3o n. 125\/2010 e professora. Escrevente T\u00e9cnico do Judici\u00e1rio no per\u00edodo de 1980 a 2015.<\/p>\n<p><strong>Aula:<\/strong> Reda\u00e7\u00e3o do Acordo. O papel do conciliador\/mediador sua rela\u00e7\u00e3o com os envolvidos (ou agentes) na concilia\u00e7\u00e3o e na media\u00e7\u00e3o. Os Operadores do direito (o magistrado, o promotor, o advogado e o defensor P\u00fablico, etc.) e a concilia\u00e7\u00e3o\/media\u00e7\u00e3o e Est\u00e1gio Supervisionado.<\/p>\n<hr \/>\n<p style=\"text-align: justify;\"><strong data-rich-text-format-boundary=\"true\">MARINA DE MARTINO ROBERTO<\/strong><\/p>\n<p style=\"text-align: justify;\"><img loading=\"lazy\" decoding=\"async\" class=\"alignleft wp-image-4905 size-thumbnail\" src=\"http:\/\/sdmediar.com.br\/site\/wp-content\/uploads\/2021\/04\/IMG_4482-150x150.png\" alt=\"\" width=\"150\" height=\"150\" srcset=\"http:\/\/sdmediar.com.br\/site\/wp-content\/uploads\/2021\/04\/IMG_4482-150x150.png 150w, http:\/\/sdmediar.com.br\/site\/wp-content\/uploads\/2021\/04\/IMG_4482-300x300.png 300w, http:\/\/sdmediar.com.br\/site\/wp-content\/uploads\/2021\/04\/IMG_4482-768x768.png 768w, http:\/\/sdmediar.com.br\/site\/wp-content\/uploads\/2021\/04\/IMG_4482.png 1000w\" sizes=\"(max-width: 150px) 100vw, 150px\" \/>Minicurr\u00edculo: Educadora, formada em Letras, atualmente cursando gradua\u00e7\u00e3o em Pedagogia com foco em educa\u00e7\u00e3o democr\u00e1tica. Especialista em Arteterapia Junguiana pela UNIP. Cocriadora da Comunidade Dedo Verde, casa\/empresa colaborativa com base nos princ\u00edpios da Comunica\u00e7\u00e3o N\u00e3o-Violenta. Estudante, praticante e facilitadora de grupos de Comunica\u00e7\u00e3o N\u00e3o-Violenta h\u00e1 8 anos, tendo participado de diversos cursos no Brasil e na Europa. Facilitadora de C\u00edrculos de Justi\u00e7a Restaurativa formada pelo CEDHEP (Centro de Direitos Humanos e Educa\u00e7\u00e3o Popular do Campo Limpo).Facilitadora de cursos, palestras, viv\u00eancias e treinamentos de Comunica\u00e7\u00e3o N\u00e3o-Violenta, Justi\u00e7a Restaurativa e Coopera\u00e7\u00e3o em diversas institui\u00e7\u00f5es p\u00fablicas e privadas.<\/p>\n<p>Aula: Comunica\u00e7\u00e3o n\u00e3o Violenta<\/p>\n<hr \/>\n<p><strong>RICARDO PEREIRA JUNIOR<\/strong><\/p>\n<p style=\"text-align: justify;\"><img loading=\"lazy\" decoding=\"async\" class=\"alignleft wp-image-4475 size-thumbnail\" src=\"http:\/\/sdmediar.com.br\/site\/wp-content\/uploads\/2021\/01\/foto-docente-Dr.-Ricardo-Pereira-Junior-SD-Mediar-150x150.png\" alt=\"\" width=\"150\" height=\"150\" srcset=\"http:\/\/sdmediar.com.br\/site\/wp-content\/uploads\/2021\/01\/foto-docente-Dr.-Ricardo-Pereira-Junior-SD-Mediar-150x150.png 150w, http:\/\/sdmediar.com.br\/site\/wp-content\/uploads\/2021\/01\/foto-docente-Dr.-Ricardo-Pereira-Junior-SD-Mediar-300x300.png 300w, http:\/\/sdmediar.com.br\/site\/wp-content\/uploads\/2021\/01\/foto-docente-Dr.-Ricardo-Pereira-Junior-SD-Mediar-768x768.png 768w, http:\/\/sdmediar.com.br\/site\/wp-content\/uploads\/2021\/01\/foto-docente-Dr.-Ricardo-Pereira-Junior-SD-Mediar.png 1000w\" sizes=\"(max-width: 150px) 100vw, 150px\" \/>link lattes: <span style=\"text-decoration: underline;\"><span style=\"color: #3366ff; text-decoration: underline;\">http:\/\/lattes.cnpq.br\/3339570905751579<\/span><\/span><br \/>\nMinicurr\u00edculo: Graduado em Direito pela Universidade de S\u00e3o Paulo\/USP (1990), realizou cursos de especializa\u00e7\u00e3o sobre o Sistema Legal Americano, na Universidade de Loyola de Nova Orleans, e de Administra\u00e7\u00e3o Judicial, no Institute of Advanced Legal Studies na Universidade de Londres, \u00e9 Doutor em Filosofia do Direito pela Universidade de S\u00e3o Paulo\/USP (2010). Foi professor de Direito Civil e Direito Processual Civil, e Coordenador do Curso de Direito, perante a UNIP de S\u00e3o Jos\u00e9 dos Campos, e professor convidado da GV Law. Atualmente, \u00e9 professor de p\u00f3s-gradua\u00e7\u00e3o na FAAP de S\u00e3o Jos\u00e9 dos Campos, da Escola Paulista da Magistratura, da Escola Superior de Advocacia da OAB e da Faculdade de Direito Prof. Dam\u00e1sio de Jesus, \u00e9 tamb\u00e9m Juiz Instrutor do Conselho Nacional de Justi\u00e7a. Ingressou no Judici\u00e1rio em 1988, trabalhando em cargos internos at\u00e9 a aprova\u00e7\u00e3o em concurso para a magistratura, em 1992. Ap\u00f3s experi\u00eancias em comarcas de complexidade diversas, foi Juiz Diretor do F\u00f3rum de S\u00e3o Jos\u00e9 dos Campos, no bi\u00eanio de 1999 a 2000. Atualmente, \u00e9 Juiz Titular da 12\u00aa Vara da Fam\u00edlia e Sucess\u00f5es da Comarca de S\u00e3o Paulo, foi nomeado Juiz Coordenador da Central dos Oficiais de Justi\u00e7a do F\u00f3rum Jo\u00e3o Mendes Jr., \u00e9 membro da Comiss\u00e3o de Acompanhamento de Licita\u00e7\u00f5es do Tribunal de Justi\u00e7a do Estado de S\u00e3o Paulo e do N\u00facleo Permanente de M\u00e9todos Consensuais de Solu\u00e7\u00e3o de Conflitos do Tribunal de Justi\u00e7a de S\u00e3o Paulo. Tamb\u00e9m foi nomeado Juiz Coordenador do Centro Judici\u00e1rio de Solu\u00e7\u00e3o de Conflitos e Cidadania da Capital (CEJUSC), Juiz Supervisor dos Centros Judici\u00e1rios de Solu\u00e7\u00e3o de Conflitos e Cidadania da Capital e Coordenador da \u00c1rea de Formas Alternativas de Solu\u00e7\u00e3o de Conflitos e Justi\u00e7a Restaurativo da Escola Paulista da Magistratura.<\/p>\n<p style=\"text-align: justify;\"><strong>Aula:<\/strong> Pol\u00edticas P\u00fablicas &#8211; Docente Convidado Nupemec\/TJSP<\/p>\n<hr \/>\n<p style=\"text-align: left;\"><strong>SILVANA DIAS<\/strong><\/p>\n<p style=\"text-align: justify;\"><img loading=\"lazy\" decoding=\"async\" class=\"alignleft wp-image-4450 size-thumbnail\" src=\"http:\/\/sdmediar.com.br\/site\/wp-content\/uploads\/2021\/01\/Foto-Silvana-Dias-Site-da-SD-Mediar-150x150.png\" alt=\"\" width=\"150\" height=\"150\" srcset=\"http:\/\/sdmediar.com.br\/site\/wp-content\/uploads\/2021\/01\/Foto-Silvana-Dias-Site-da-SD-Mediar-150x150.png 150w, http:\/\/sdmediar.com.br\/site\/wp-content\/uploads\/2021\/01\/Foto-Silvana-Dias-Site-da-SD-Mediar-300x300.png 300w, http:\/\/sdmediar.com.br\/site\/wp-content\/uploads\/2021\/01\/Foto-Silvana-Dias-Site-da-SD-Mediar-768x768.png 768w, http:\/\/sdmediar.com.br\/site\/wp-content\/uploads\/2021\/01\/Foto-Silvana-Dias-Site-da-SD-Mediar.png 1000w\" sizes=\"(max-width: 150px) 100vw, 150px\" \/>link lattes: <span style=\"text-decoration: underline;\"><span style=\"color: #3366ff; text-decoration: underline;\">http:\/\/lattes.cnpq.br\/7673182628341181<\/span><\/span><\/p>\n<p style=\"text-align: justify;\">Minicurr\u00edculo: Graduada em Direito pela Universidade Presbiteriana Mackenzie. Extens\u00e3o em Direito Imobili\u00e1rio pela FMU. Extens\u00e3o e Media\u00e7\u00e3o Familiar pela Escola Paulista da Magistratura \u2013 EPM\/TJSP. P\u00f3s-Graduada em Direito Contratual pela Pontif\u00edcia Universidade Cat\u00f3lica \u2013 PUC\/COGEAE e P\u00f3s-Graduada em Media\u00e7\u00e3o: Interven\u00e7\u00f5es Sist\u00eamicas para Resolu\u00e7\u00e3o de Conflitos e Disputas em Diferentes Contextos \u2013 Pontif\u00edcia Universidade Cat\u00f3lica &#8211; PUC\/COGEAE. Capacita\u00e7\u00e3o, forma\u00e7\u00f5es e certifica\u00e7\u00f5es em Media\u00e7\u00e3o, Justi\u00e7a Restaurativa e Comunica\u00e7\u00e3o n\u00e3o Violenta: Curso Online ao vivo de Introdu\u00e7\u00e3o \u00e0 Comunica\u00e7\u00e3o N\u00e3o Violenta \u2013 CNV com os instrutores Sandra Caselato e Yuri Haasz pela Sinergia Comunicativa (ago\/2020). Curso de Aperfei\u00e7oamento em Concilia\u00e7\u00e3o e Media\u00e7\u00e3o nas Rela\u00e7\u00f5es de Consumo pela EPM (set\/2019)Curso de Aperfei\u00e7oamento em Media\u00e7\u00e3o de Conflitos do Idoso e Deficiente \u2013 EPM (abril a junho\/2019). Curso Percep\u00e7\u00f5es Sist\u00eamicas: o despertar de uma nova consci\u00eancia jur\u00eddica pela EPM (ago a nov\/19). Workshop Genograma e Ecomapa como ferramentas de Abordagem Familiar Sist\u00eamica \u2013 Espa\u00e7o Cris\u00e1lida \u2013 (maio\/2019). Facilitadora em Processos Circulares pela Escola Paulista da Magistratura \u2013 EPM\/TJSP (ago a out\/2018). Comunica\u00e7\u00e3o n\u00e3o Violenta na Resolu\u00e7\u00e3o Pac\u00edfica de Conflitos em Sa\u00fade pela Universidade Aberta do Meio Ambiente e Cultura da Paz &#8211; UMAPAZ, da Secretaria do Verde e Meio Ambiente &#8211; SVMA (2017). Workshop Latino-Americano em Media\u00e7\u00e3o Familiar pela Mediaras\/Algi Media\u00e7\u00e3o (2017). Workshop Pr\u00e1ticas Narrativas Distintos Contextos com a instrutora Marilene Grandesso pela Opem Media\u00e7\u00e3o\/Conversa\u00e7\u00f5es (2017). Curso de Introdu\u00e7\u00e3o de Justi\u00e7a Restaurativa pela EPM\/TJSP (2017). Media\u00e7\u00e3o Organizacional pela APEP\/Algi Media\u00e7\u00e3o &#8211; 40 horas (2017). Workshop Pr\u00e1tica Simulada em Media\u00e7\u00e3o pela Mediaras\/Algi Media\u00e7\u00e3o (2016). Capacitada em Media\u00e7\u00e3o de Fam\u00edlia pelo Conselho Nacional de Justi\u00e7a &#8211; CNJ (2016). Capacitada em Media\u00e7\u00e3o Comunit\u00e1ria pela Escola Nacional de Media\u00e7\u00e3o e Concilia\u00e7\u00e3o \u2013 ENAM, em parceria entre o Minist\u00e9rio da Justi\u00e7a e a Rede Nacional de Media\u00e7\u00e3o Comunit\u00e1ria; Certifica\u00e7\u00e3o Avan\u00e7ado de Mediadores pelo Instituto de Certifica\u00e7\u00e3o e Forma\u00e7\u00e3o de Mediadores Lus\u00f3fonos \u2013 ICFML. Comunica\u00e7\u00e3o N\u00e3o Violenta Introdu\u00e7\u00e3o e B\u00e1sico (2015) e Introdu\u00e7\u00e3o e B\u00e1sico (2017) com o instrutor Dominic Barter \u2013 S\u00e3o Paulo. Forma\u00e7\u00e3o de Instrutores em Media\u00e7\u00e3o Judicial pelo CNJ. Mediadora Certificada pelo Instituto de Certifica\u00e7\u00e3o e Forma\u00e7\u00e3o de Mediadores Lus\u00f3fonos \u2013 ICFML. Capacitada em Resolu\u00e7\u00e3o de Conflitos para Representantes de Empresas pela Escola Nacional de Media\u00e7\u00e3o e Concilia\u00e7\u00e3o \u2013 ENAM. Capacitada em Justi\u00e7a Restaurativa pela Escola Paulista da Magistratura \u2013 EPM\/TJSP (96 horas). Mediadora e Conciliadora Social capacitada pela Pontif\u00edcia Universidade Cat\u00f3lica &#8211; PUC\/COGEAE. Forma\u00e7\u00e3o de Instrutores em Oficinas de Div\u00f3rcio e Parentalidade pelo Conselho Nacional de Justi\u00e7a \u2013 CNJ em Bras\u00edlia. Forma\u00e7\u00e3o de Prepostos em Media\u00e7\u00e3o e Concilia\u00e7\u00e3o pelo CNJ. Forma\u00e7\u00e3o de Supervisores em Media\u00e7\u00e3o pelo CNJ.\u00a0 Media\u00e7\u00e3o Judicial pelo N\u00facleo Permanente de M\u00e9todos de Solu\u00e7\u00e3o de Conflitos \u2013 TJSP. Capacitada em Media\u00e7\u00e3o de Conflitos pela DeFam\u00edlia(S\u00e3o Paulo) e Mediaras (Buenos Aires). Mediadora habilitada no Conciliajud CNJ, NUPEMEC\/TJSP e Auxiliar da Justi\u00e7a TJSP.\u00a0\u00a0Mediadora de fam\u00edlia na 12a. Vara da Fam\u00edlia e Sucess\u00e3o do Foro Jo\u00e3o Mendes (desde 2014) e na 3a Vara da Fam\u00edlia e Sucess\u00f5es do Foro Regional do Jabaquara-Sa\u00fade (set\/2016 a abril\/2018). Mediadora Judicial e Conciliadora no Centro Judici\u00e1rio de Solu\u00e7\u00e3o de Conflitos &#8211; Cejusc Central\/TJSP \u2013 Unidade: Barra Funda, PACE e UNINOVE. Cejusc Jabaquara-Sa\u00fade. Mediadora com Equipe Reflexiva (Modelo Transformativo) \u2013 Projeto Cantareira Interdisciplinar (NUIPA) (desde julho\/2017 at\u00e9 dez\/2018). Instrutora Certificada em Media\u00e7\u00e3o Judicial pelo CNJ e Nupemec\/TSP, Supervisora em Media\u00e7\u00e3o e Concilia\u00e7\u00e3o pelo CNJ e \u00a0Expositora da Oficina de Pais e Filhos no CEJUSC Central, CEJUSC Jabaquara-Sa\u00fade, CEJUSC V\u00e1rzea Paulista, CEJUSC Barueri e CEJUSC Campo Limpo Paulista. Coautora do livro Media\u00e7\u00e3o de Conflitos: A Emerg\u00eancia de um Novo Paradigma &#8211; Belo Horizonte\/MG &#8211; Editora Del Rey &#8211; 2016. Advogada Colaborativa pelo Instituto de Pr\u00e1ticas Colaborativas. S\u00f3cia Diretora na SD Mediar Solu\u00e7\u00e3o de Conflitos. Professora e palestrante.<\/p>\n<p style=\"text-align: justify;\"><strong>Aula:<\/strong> Moderna Teoria do Conflito. Teoria dos Jogos. Panorama hist\u00f3rico dos m\u00e9todos consensuais de solu\u00e7\u00e3o de conflitos. Escolas\/Modelos de Media\u00e7\u00e3o. Media\u00e7\u00e3o, Etapas e Ferramentas.\u00a0 Media\u00e7\u00e3o Familiar. Arbitragem. Justi\u00e7a Restaurativa. O papel do Conciliador e do Mediador. Interdisciplinaridade na Media\u00e7\u00e3o. Reda\u00e7\u00e3o do Acordo. Est\u00e1gio Supervisionado.<\/p>\n<hr \/>\n<p><strong>\u00a0VAL\u00c9RIA PEREIRA COUTO HOEFLER<\/strong><\/p>\n<p>link lattes:\u00a0<span style=\"color: #0000ff;\">http:\/\/lattes.cnpq.br\/1186642555619670<\/span><\/p>\n<p>Minicurr\u00edculo: Graduada em Enfermagem pela Faculdade de Enfermagem e Obstetr\u00edcia Don Dem\u00eanico. Resid\u00eancia em Pronto Socorro\/UTI &#8211; Hospital Santo Amaro Guaruj\u00e1. P\u00f3s-Gradua\u00e7\u00e3o em ADM. Aprimoramento em Cuidados Cl\u00ednicos. Especializa\u00e7\u00e3o em Enfermagem em UTI. Graduada em Direito pela UNIP. Forma\u00e7\u00e3o em Autorealiza\u00e7\u00e3o, Comunica\u00e7\u00e3o e Lideran\u00e7a. Forma\u00e7\u00e3o em Per\u00edcia e Assistente Judici\u00e1ria &#8211; Sa\u00fade. P\u00f3s-Gradua\u00e7\u00e3o em Direito de Fam\u00edlia e Sucess\u00f5es pela Escola Paulista de Direito &#8211; EPD. P\u00f3s-Gradua\u00e7\u00e3o em Direito do Trabalho e Processo de Trabalho pela Faculdade Legale. Mestranda em Comunica\u00e7\u00e3o pela Funda\u00e7\u00e3o Universit\u00e1ria IberoAmericana &#8211; FUNIBER. Capacita\u00e7\u00e3o, forma\u00e7\u00f5es e certifica\u00e7\u00f5es em Media\u00e7\u00e3o e Justi\u00e7a Restaurativa: Curso de Introdu\u00e7\u00e3o de Justi\u00e7a Restaurativa pela EPM\/TJSP (2017). Comunica\u00e7\u00e3o N\u00e3o Violenta Introdu\u00e7\u00e3o e B\u00e1sico com o instrutor Dominic Barter \u2013 S\u00e3o Paulo e Semente (2016 a 2018). Capacitada em Media\u00e7\u00e3o e Concilia\u00e7\u00e3o pelo Tribunal Regional Federal da 3a Regi\u00e3o (2017). Forma\u00e7\u00e3o de Instrutores em Oficinas de Div\u00f3rcio e Parentalidade pela Escola Paulista de Magistratura &#8211; EPM (2016). Forma\u00e7\u00e3o de Instrutores em Media\u00e7\u00e3o Judicial e Concilia\u00e7\u00e3o CNJ pelo N\u00facleo Permanente de M\u00e9todos de Solu\u00e7\u00e3o de Conflitos \u2013 NUPEMEC\/TJSP (2016). Capacitada em Media\u00e7\u00e3o Escolar pela . Capacitada em Media\u00e7\u00e3o Trabalhista. Capacitada em Fundamentos da Media\u00e7\u00e3o para a Defensoria P\u00fablica pela Escola Nacional de Media\u00e7\u00e3o e Concilia\u00e7\u00e3o &#8211; ENAM. Media\u00e7\u00e3o Judicial pelo N\u00facleo Permanente de M\u00e9todos de Solu\u00e7\u00e3o de Conflitos \u2013 TJSP. Mediadora e Conciliadora capacitada pelo Instituto dos Advogados de S\u00e3o Paulo &#8211; IASP (2015). Mediadora habilitada no Conciliajud CNJ,\u00a0 NUPEMEC\/TJSP e Auxiliar da Justi\u00e7a TJSP. Mediadora Judicial e Conciliadora no Centro Judici\u00e1rio de Solu\u00e7\u00e3o de Conflitos &#8211; Cejusc Central e Cejusc Jabaquara-Sa\u00fade\/TJSP. Mediadora com Equipe Reflexiva (Modelo Transformativo) \u2013 Projeto Cantareira Interdisciplinar (NUIPA). Instrutora em Media\u00e7\u00e3o Judicial e Concilia\u00e7\u00e3o pelo Conselho Nacional de Justi\u00e7a \u2013 CNJ e Expositora da Oficina de Pais e Filhos. Membro Efetiva da Comiss\u00e3o Especial de Media\u00e7\u00e3o OAB\/SP (desde abri\/l2017). Membro Efetiva da Comiss\u00e3o de Direito de Fam\u00edlia e Sucess\u00f5es da OAB\/SP. Coautora do livro Media\u00e7\u00e3o de Conflitos: Teoria e Pr\u00e1tica. S\u00e3o Paulo\/SP &#8211; Editora Revista dos Tribunais &#8211; 2018. Advogada Colaborativa. Professora e Palestrante.<\/p>\n<p><strong>Aula:<\/strong> Teoria da Comunica\u00e7\u00e3o. Negocia\u00e7\u00e3o. Concilia\u00e7\u00e3o. Est\u00e1gio Supervisionado.<\/p>\n","protected":false},"excerpt":{"rendered":"<p>ANGELA MARIA GRIJ\u00d3 QUEIROZ MARTINS link lattes: http:\/\/lattes.cnpq.br\/3721957506916083 Minicurr\u00edculo: Graduada em Servi\u00e7o Social pela PUC\/SP. Graduada em Direito pela UNIFAI. P\u00f3s-Graduada em Direito Tribut\u00e1rio pela UNIFESP\/SP. P\u00f3s-Graduanda em Direito de Fam\u00edlia e das Sucess\u00f5es pela Faculdade LEGALE (2015\/2016). Capacita\u00e7\u00e3o, forma\u00e7\u00f5es e certifica\u00e7\u00f5es em Media\u00e7\u00e3o e Justi\u00e7a Restaurativa: Curso de Justi\u00e7a Restaurativa pela Escola Nacional de [&hellip;]<\/p>\n","protected":false},"author":2,"featured_media":0,"parent":0,"menu_order":0,"comment_status":"closed","ping_status":"closed","template":"","meta":{"_joinchat":[],"footnotes":""},"_links":{"self":[{"href":"http:\/\/sdmediar.com.br\/site\/wp-json\/wp\/v2\/pages\/912"}],"collection":[{"href":"http:\/\/sdmediar.com.br\/site\/wp-json\/wp\/v2\/pages"}],"about":[{"href":"http:\/\/sdmediar.com.br\/site\/wp-json\/wp\/v2\/types\/page"}],"author":[{"embeddable":true,"href":"http:\/\/sdmediar.com.br\/site\/wp-json\/wp\/v2\/users\/2"}],"replies":[{"embeddable":true,"href":"http:\/\/sdmediar.com.br\/site\/wp-json\/wp\/v2\/comments?post=912"}],"version-history":[{"count":197,"href":"http:\/\/sdmediar.com.br\/site\/wp-json\/wp\/v2\/pages\/912\/revisions"}],"predecessor-version":[{"id":5154,"href":"http:\/\/sdmediar.com.br\/site\/wp-json\/wp\/v2\/pages\/912\/revisions\/5154"}],"wp:attachment":[{"href":"http:\/\/sdmediar.com.br\/site\/wp-json\/wp\/v2\/media?parent=912"}],"curies":[{"name":"wp","href":"https:\/\/api.w.org\/{rel}","templated":true}]}}